{"id":3339,"date":"2025-03-17T16:01:51","date_gmt":"2025-03-17T16:01:51","guid":{"rendered":"https:\/\/casadolivreiro.pt\/?post_type=product&#038;p=3339"},"modified":"2025-03-17T16:01:52","modified_gmt":"2025-03-17T16:01:52","slug":"portugal-amordacado-volume-6-mario-soares","status":"publish","type":"product","link":"https:\/\/casadolivreiro.pt\/index.php\/product\/portugal-amordacado-volume-6-mario-soares\/","title":{"rendered":"PORTUGAL AMORDA\u00c7ADO, Volume 6 \u2013 M\u00e1rio Soares"},"content":{"rendered":"<p>PORTUGAL AMORDA\u00c7ADO, Volume 6 \u2013 M\u00e1rio Soares<\/p>\n<p>Depoimento sobre os anos do fascismo<\/p>\n<p>Pref\u00e1cio de Ant\u00f3nio Costa Pinto<\/p>\n<p>Ano de edi\u00e7\u00e3o: 2017<\/p>\n<p>Editor: Expresso<\/p>\n<p>Idioma: Portugu\u00eas<\/p>\n<p>Dimens\u00f5es: 13.5 x 1 x 19cm<\/p>\n<p>Encaderna\u00e7\u00e3o: Capa mole<\/p>\n<p>P\u00e1ginas: 102<\/p>\n","protected":false},"excerpt":{"rendered":"<p>PORTUGAL AMORDA\u00c7ADO, Volume 6 \u2013 M\u00e1rio Soares Depoimento sobre os anos do fascismo Pref\u00e1cio de Ant\u00f3nio Costa Pinto Ano de edi\u00e7\u00e3o: 2017 Editor: Expresso Idioma: Portugu\u00eas Dimens\u00f5es: 13.5 x 1 x 19cm Encaderna\u00e7\u00e3o: Capa mole P\u00e1ginas: 102<\/p>\n","protected":false},"featured_media":3340,"comment_status":"open","ping_status":"closed","template":"","meta":{"om_disable_all_campaigns":false,"_monsterinsights_skip_tracking":false,"_monsterinsights_sitenote_active":false,"_monsterinsights_sitenote_note":"","_monsterinsights_sitenote_category":0,"_uf_show_specific_survey":0,"_uf_disable_surveys":false},"product_cat":[30,51],"product_tag":[],"aioseo_notices":[],"jetpack_sharing_enabled":true,"_links":{"self":[{"href":"https:\/\/casadolivreiro.pt\/index.php\/wp-json\/wp\/v2\/product\/3339"}],"collection":[{"href":"https:\/\/casadolivreiro.pt\/index.php\/wp-json\/wp\/v2\/product"}],"about":[{"href":"https:\/\/casadolivreiro.pt\/index.php\/wp-json\/wp\/v2\/types\/product"}],"replies":[{"embeddable":true,"href":"https:\/\/casadolivreiro.pt\/index.php\/wp-json\/wp\/v2\/comments?post=3339"}],"wp:featuredmedia":[{"embeddable":true,"href":"https:\/\/casadolivreiro.pt\/index.php\/wp-json\/wp\/v2\/media\/3340"}],"wp:attachment":[{"href":"https:\/\/casadolivreiro.pt\/index.php\/wp-json\/wp\/v2\/media?parent=3339"}],"wp:term":[{"taxonomy":"product_cat","embeddable":true,"href":"https:\/\/casadolivreiro.pt\/index.php\/wp-json\/wp\/v2\/product_cat?post=3339"},{"taxonomy":"product_tag","embeddable":true,"href":"https:\/\/casadolivreiro.pt\/index.php\/wp-json\/wp\/v2\/product_tag?post=3339"}],"curies":[{"name":"wp","href":"https:\/\/api.w.org\/{rel}","templated":true}]}}