{"id":3317,"date":"2025-03-17T15:14:27","date_gmt":"2025-03-17T15:14:27","guid":{"rendered":"https:\/\/casadolivreiro.pt\/?post_type=product&#038;p=3317"},"modified":"2025-03-17T15:14:27","modified_gmt":"2025-03-17T15:14:27","slug":"a-essencia-das-religioes-a-sabedoria-das-grandes-tradicoes-religiosas-6-volumes-huston-smith","status":"publish","type":"product","link":"https:\/\/casadolivreiro.pt\/index.php\/product\/a-essencia-das-religioes-a-sabedoria-das-grandes-tradicoes-religiosas-6-volumes-huston-smith\/","title":{"rendered":"A ESS\u00caNCIA DAS RELIGI\u00d5ES: A Sabedoria das Grandes Tradi\u00e7\u00f5es Religiosas, 6 volumes &#8211; Huston Smith"},"content":{"rendered":"<p>A ESS\u00caNCIA DAS RELIGI\u00d5ES: A Sabedoria das Grandes Tradi\u00e7\u00f5es Religiosas, 6 volumes &#8211; Huston Smith<br \/>\nVolume I: HINDU\u00cdSMO; Volume II: BUDISMO; Volume III: CONFUCIONISMO E TAO\u00cdSMO; Volume IV: ISLAMISMO; Volume V: JUDA\u00cdSMO; Volume VI: CRISTIANISMO]. &#8211;<\/p>\n<p>Traduzido do ingl\u00eas por Maria Jo\u00e3o da Rocha Afonso<\/p>\n<p>Pref\u00e1cio [dos seis volumes]: Jos\u00e9 Tolentino de Mendon\u00e7a<\/p>\n<p>Ano de edi\u00e7\u00e3o: 2014<\/p>\n<p>Editor: Lua de Papel<\/p>\n<p>Idioma: Portugu\u00eas<\/p>\n<p>Dimens\u00f5es: 13.5 x 0.7 x\u00a0 19cm<\/p>\n<p>Encaderna\u00e7\u00e3o: Capa mole<\/p>\n<p>P\u00e1ginas: 126 +110 + 110 + 86 + 85 + 118<\/p>\n","protected":false},"excerpt":{"rendered":"<p>A ESS\u00caNCIA DAS RELIGI\u00d5ES: A Sabedoria das Grandes Tradi\u00e7\u00f5es Religiosas, 6 volumes &#8211; Huston Smith Volume I: HINDU\u00cdSMO; Volume II: BUDISMO; Volume III: CONFUCIONISMO E TAO\u00cdSMO; Volume IV: ISLAMISMO; Volume V: JUDA\u00cdSMO; Volume VI: CRISTIANISMO]. &#8211; Traduzido do ingl\u00eas por Maria Jo\u00e3o da Rocha Afonso Pref\u00e1cio [dos seis volumes]: Jos\u00e9 Tolentino de Mendon\u00e7a Ano de [&hellip;]<\/p>\n","protected":false},"featured_media":3318,"comment_status":"open","ping_status":"closed","template":"","meta":{"om_disable_all_campaigns":false,"_monsterinsights_skip_tracking":false,"_monsterinsights_sitenote_active":false,"_monsterinsights_sitenote_note":"","_monsterinsights_sitenote_category":0,"_uf_show_specific_survey":0,"_uf_disable_surveys":false},"product_cat":[47,33,29,30],"product_tag":[],"aioseo_notices":[],"jetpack_sharing_enabled":true,"_links":{"self":[{"href":"https:\/\/casadolivreiro.pt\/index.php\/wp-json\/wp\/v2\/product\/3317"}],"collection":[{"href":"https:\/\/casadolivreiro.pt\/index.php\/wp-json\/wp\/v2\/product"}],"about":[{"href":"https:\/\/casadolivreiro.pt\/index.php\/wp-json\/wp\/v2\/types\/product"}],"replies":[{"embeddable":true,"href":"https:\/\/casadolivreiro.pt\/index.php\/wp-json\/wp\/v2\/comments?post=3317"}],"wp:featuredmedia":[{"embeddable":true,"href":"https:\/\/casadolivreiro.pt\/index.php\/wp-json\/wp\/v2\/media\/3318"}],"wp:attachment":[{"href":"https:\/\/casadolivreiro.pt\/index.php\/wp-json\/wp\/v2\/media?parent=3317"}],"wp:term":[{"taxonomy":"product_cat","embeddable":true,"href":"https:\/\/casadolivreiro.pt\/index.php\/wp-json\/wp\/v2\/product_cat?post=3317"},{"taxonomy":"product_tag","embeddable":true,"href":"https:\/\/casadolivreiro.pt\/index.php\/wp-json\/wp\/v2\/product_tag?post=3317"}],"curies":[{"name":"wp","href":"https:\/\/api.w.org\/{rel}","templated":true}]}}