{"id":3315,"date":"2025-03-17T00:48:29","date_gmt":"2025-03-17T00:48:29","guid":{"rendered":"https:\/\/casadolivreiro.pt\/?post_type=product&#038;p=3315"},"modified":"2025-03-17T00:48:30","modified_gmt":"2025-03-17T00:48:30","slug":"o-estranho-caso-do-dr-jekyll-e-de-mr-hyde-louis-stevenson","status":"publish","type":"product","link":"https:\/\/casadolivreiro.pt\/index.php\/product\/o-estranho-caso-do-dr-jekyll-e-de-mr-hyde-louis-stevenson\/","title":{"rendered":"O ESTRANHO CASO DO DR: JEKYLL E DE MR: HYDE \u2013 Louis Stevenson"},"content":{"rendered":"<p>O ESTRANHO CASO DO DR: JEKYLL E DE MR: HYDE \u2013 Louis Stevenson<\/p>\n<p>Colec\u00e7\u00e3o: Pequenas Grandes Hist\u00f3rias #5<\/p>\n<p>Tradu\u00e7\u00e3o de Agostinho da Silva<\/p>\n<p>Ano de edi\u00e7\u00e3o: 2006<\/p>\n<p>Editor: Expresso<\/p>\n<p>Idioma: Portugu\u00eas<\/p>\n<p>Dimens\u00f5es: 12 x 0.7 x\u00a0 20cm<\/p>\n<p>Encaderna\u00e7\u00e3o: Capa mole<\/p>\n<p>P\u00e1ginas: 106<\/p>\n","protected":false},"excerpt":{"rendered":"<p>O ESTRANHO CASO DO DR: JEKYLL E DE MR: HYDE \u2013 Louis Stevenson Colec\u00e7\u00e3o: Pequenas Grandes Hist\u00f3rias #5 Tradu\u00e7\u00e3o de Agostinho da Silva Ano de edi\u00e7\u00e3o: 2006 Editor: Expresso Idioma: Portugu\u00eas Dimens\u00f5es: 12 x 0.7 x\u00a0 20cm Encaderna\u00e7\u00e3o: Capa mole P\u00e1ginas: 106<\/p>\n","protected":false},"featured_media":3316,"comment_status":"open","ping_status":"closed","template":"","meta":{"om_disable_all_campaigns":false,"_monsterinsights_skip_tracking":false,"_monsterinsights_sitenote_active":false,"_monsterinsights_sitenote_note":"","_monsterinsights_sitenote_category":0,"_uf_show_specific_survey":0,"_uf_disable_surveys":false},"product_cat":[26],"product_tag":[],"aioseo_notices":[],"jetpack_sharing_enabled":true,"_links":{"self":[{"href":"https:\/\/casadolivreiro.pt\/index.php\/wp-json\/wp\/v2\/product\/3315"}],"collection":[{"href":"https:\/\/casadolivreiro.pt\/index.php\/wp-json\/wp\/v2\/product"}],"about":[{"href":"https:\/\/casadolivreiro.pt\/index.php\/wp-json\/wp\/v2\/types\/product"}],"replies":[{"embeddable":true,"href":"https:\/\/casadolivreiro.pt\/index.php\/wp-json\/wp\/v2\/comments?post=3315"}],"wp:featuredmedia":[{"embeddable":true,"href":"https:\/\/casadolivreiro.pt\/index.php\/wp-json\/wp\/v2\/media\/3316"}],"wp:attachment":[{"href":"https:\/\/casadolivreiro.pt\/index.php\/wp-json\/wp\/v2\/media?parent=3315"}],"wp:term":[{"taxonomy":"product_cat","embeddable":true,"href":"https:\/\/casadolivreiro.pt\/index.php\/wp-json\/wp\/v2\/product_cat?post=3315"},{"taxonomy":"product_tag","embeddable":true,"href":"https:\/\/casadolivreiro.pt\/index.php\/wp-json\/wp\/v2\/product_tag?post=3315"}],"curies":[{"name":"wp","href":"https:\/\/api.w.org\/{rel}","templated":true}]}}