{"id":3304,"date":"2025-03-17T00:17:23","date_gmt":"2025-03-17T00:17:23","guid":{"rendered":"https:\/\/casadolivreiro.pt\/?post_type=product&#038;p=3304"},"modified":"2025-03-17T00:17:23","modified_gmt":"2025-03-17T00:17:23","slug":"fernao-de-magalhaes-a-viagem-volume-5-goncalo-cadilhe","status":"publish","type":"product","link":"https:\/\/casadolivreiro.pt\/index.php\/product\/fernao-de-magalhaes-a-viagem-volume-5-goncalo-cadilhe\/","title":{"rendered":"FERN\u00c3O DE MAGALH\u00c3ES: A Viagem, Volume 5 \u2013 Gon\u00e7alo Cadilhe"},"content":{"rendered":"<p>FERN\u00c3O DE MAGALH\u00c3ES: A Viagem, Volume 5 \u2013 Gon\u00e7alo Cadilhe<\/p>\n<p>Ano de edi\u00e7\u00e3o: 2019<\/p>\n<p>Editor: Al\u00e8theia ( Expresso)<\/p>\n<p>Idioma: Portugu\u00eas<\/p>\n<p>Dimens\u00f5es: 13.5 x 0.7 x\u00a0 19cm<\/p>\n<p>Encaderna\u00e7\u00e3o: Capa mole<\/p>\n<p>P\u00e1ginas: 102<\/p>\n","protected":false},"excerpt":{"rendered":"<p>FERN\u00c3O DE MAGALH\u00c3ES: A Viagem, Volume 5 \u2013 Gon\u00e7alo Cadilhe Ano de edi\u00e7\u00e3o: 2019 Editor: Al\u00e8theia ( Expresso) Idioma: Portugu\u00eas Dimens\u00f5es: 13.5 x 0.7 x\u00a0 19cm Encaderna\u00e7\u00e3o: Capa mole P\u00e1ginas: 102<\/p>\n","protected":false},"featured_media":3305,"comment_status":"open","ping_status":"closed","template":"","meta":{"om_disable_all_campaigns":false,"_monsterinsights_skip_tracking":false,"_monsterinsights_sitenote_active":false,"_monsterinsights_sitenote_note":"","_monsterinsights_sitenote_category":0,"_uf_show_specific_survey":0,"_uf_disable_surveys":false},"product_cat":[30],"product_tag":[],"aioseo_notices":[],"jetpack_sharing_enabled":true,"_links":{"self":[{"href":"https:\/\/casadolivreiro.pt\/index.php\/wp-json\/wp\/v2\/product\/3304"}],"collection":[{"href":"https:\/\/casadolivreiro.pt\/index.php\/wp-json\/wp\/v2\/product"}],"about":[{"href":"https:\/\/casadolivreiro.pt\/index.php\/wp-json\/wp\/v2\/types\/product"}],"replies":[{"embeddable":true,"href":"https:\/\/casadolivreiro.pt\/index.php\/wp-json\/wp\/v2\/comments?post=3304"}],"wp:featuredmedia":[{"embeddable":true,"href":"https:\/\/casadolivreiro.pt\/index.php\/wp-json\/wp\/v2\/media\/3305"}],"wp:attachment":[{"href":"https:\/\/casadolivreiro.pt\/index.php\/wp-json\/wp\/v2\/media?parent=3304"}],"wp:term":[{"taxonomy":"product_cat","embeddable":true,"href":"https:\/\/casadolivreiro.pt\/index.php\/wp-json\/wp\/v2\/product_cat?post=3304"},{"taxonomy":"product_tag","embeddable":true,"href":"https:\/\/casadolivreiro.pt\/index.php\/wp-json\/wp\/v2\/product_tag?post=3304"}],"curies":[{"name":"wp","href":"https:\/\/api.w.org\/{rel}","templated":true}]}}