{"id":3302,"date":"2025-03-17T00:09:34","date_gmt":"2025-03-17T00:09:34","guid":{"rendered":"https:\/\/casadolivreiro.pt\/?post_type=product&#038;p=3302"},"modified":"2025-03-17T00:09:34","modified_gmt":"2025-03-17T00:09:34","slug":"a-origem-do-homem-historia-ilustrada-do-mundo-j-m-roberts","status":"publish","type":"product","link":"https:\/\/casadolivreiro.pt\/index.php\/product\/a-origem-do-homem-historia-ilustrada-do-mundo-j-m-roberts\/","title":{"rendered":"A ORIGEM DO HOMEM, Hist\u00f3ria Ilustrada do mundo \u2013 J.M. Roberts"},"content":{"rendered":"<p>A ORIGEM DO HOMEM, Hist\u00f3ria Ilustrada do mundo \u2013 J.M. Roberts<\/p>\n<p>Tradu\u00e7\u00e3o de Teresa Albuquerque<\/p>\n<p>Ano de edi\u00e7\u00e3o: 1980<\/p>\n<p>Editor: Circulo de Leitores<\/p>\n<p>Idioma: Portugu\u00eas<\/p>\n<p>Dimens\u00f5es: 18.2 x 1.2 x\u00a0 23cm<\/p>\n<p>Encaderna\u00e7\u00e3o: Capa dura<\/p>\n<p>P\u00e1ginas: 112<\/p>\n","protected":false},"excerpt":{"rendered":"<p>A ORIGEM DO HOMEM, Hist\u00f3ria Ilustrada do mundo \u2013 J.M. Roberts Tradu\u00e7\u00e3o de Teresa Albuquerque Ano de edi\u00e7\u00e3o: 1980 Editor: Circulo de Leitores Idioma: Portugu\u00eas Dimens\u00f5es: 18.2 x 1.2 x\u00a0 23cm Encaderna\u00e7\u00e3o: Capa dura P\u00e1ginas: 112<\/p>\n","protected":false},"featured_media":3303,"comment_status":"open","ping_status":"closed","template":"","meta":{"om_disable_all_campaigns":false,"_monsterinsights_skip_tracking":false,"_monsterinsights_sitenote_active":false,"_monsterinsights_sitenote_note":"","_monsterinsights_sitenote_category":0,"_uf_show_specific_survey":0,"_uf_disable_surveys":false},"product_cat":[47,30],"product_tag":[],"aioseo_notices":[],"jetpack_sharing_enabled":true,"_links":{"self":[{"href":"https:\/\/casadolivreiro.pt\/index.php\/wp-json\/wp\/v2\/product\/3302"}],"collection":[{"href":"https:\/\/casadolivreiro.pt\/index.php\/wp-json\/wp\/v2\/product"}],"about":[{"href":"https:\/\/casadolivreiro.pt\/index.php\/wp-json\/wp\/v2\/types\/product"}],"replies":[{"embeddable":true,"href":"https:\/\/casadolivreiro.pt\/index.php\/wp-json\/wp\/v2\/comments?post=3302"}],"wp:featuredmedia":[{"embeddable":true,"href":"https:\/\/casadolivreiro.pt\/index.php\/wp-json\/wp\/v2\/media\/3303"}],"wp:attachment":[{"href":"https:\/\/casadolivreiro.pt\/index.php\/wp-json\/wp\/v2\/media?parent=3302"}],"wp:term":[{"taxonomy":"product_cat","embeddable":true,"href":"https:\/\/casadolivreiro.pt\/index.php\/wp-json\/wp\/v2\/product_cat?post=3302"},{"taxonomy":"product_tag","embeddable":true,"href":"https:\/\/casadolivreiro.pt\/index.php\/wp-json\/wp\/v2\/product_tag?post=3302"}],"curies":[{"name":"wp","href":"https:\/\/api.w.org\/{rel}","templated":true}]}}