{"id":3300,"date":"2025-03-17T00:02:19","date_gmt":"2025-03-17T00:02:19","guid":{"rendered":"https:\/\/casadolivreiro.pt\/?post_type=product&#038;p=3300"},"modified":"2025-03-17T00:02:19","modified_gmt":"2025-03-17T00:02:19","slug":"geografia-2o-ano-1o-volume-dragomir-knapic","status":"publish","type":"product","link":"https:\/\/casadolivreiro.pt\/index.php\/product\/geografia-2o-ano-1o-volume-dragomir-knapic\/","title":{"rendered":"GEOGRAFIA , 2\u00ba ano, 1\u00ba volume \u2013 Dragomir Knapic"},"content":{"rendered":"<p>GEOGRAFIA , 2\u00ba ano, 1\u00ba volume \u2013 Dragomir Knapic<\/p>\n<p>Ano de edi\u00e7\u00e3o:<\/p>\n<p>Editor: Aster, Lisboa<\/p>\n<p>Idioma: Portugu\u00eas<\/p>\n<p>Dimens\u00f5es: 17 x 1.5 x\u00a0 23cm<\/p>\n<p>Encaderna\u00e7\u00e3o: Capa mole<\/p>\n<p>P\u00e1ginas: 270<\/p>\n","protected":false},"excerpt":{"rendered":"<p>GEOGRAFIA , 2\u00ba ano, 1\u00ba volume \u2013 Dragomir Knapic Ano de edi\u00e7\u00e3o: Editor: Aster, Lisboa Idioma: Portugu\u00eas Dimens\u00f5es: 17 x 1.5 x\u00a0 23cm Encaderna\u00e7\u00e3o: Capa mole P\u00e1ginas: 270<\/p>\n","protected":false},"featured_media":3301,"comment_status":"open","ping_status":"closed","template":"","meta":{"om_disable_all_campaigns":false,"_monsterinsights_skip_tracking":false,"_monsterinsights_sitenote_active":false,"_monsterinsights_sitenote_note":"","_monsterinsights_sitenote_category":0,"_uf_show_specific_survey":0,"_uf_disable_surveys":false},"product_cat":[31,47],"product_tag":[],"aioseo_notices":[],"jetpack_sharing_enabled":true,"_links":{"self":[{"href":"https:\/\/casadolivreiro.pt\/index.php\/wp-json\/wp\/v2\/product\/3300"}],"collection":[{"href":"https:\/\/casadolivreiro.pt\/index.php\/wp-json\/wp\/v2\/product"}],"about":[{"href":"https:\/\/casadolivreiro.pt\/index.php\/wp-json\/wp\/v2\/types\/product"}],"replies":[{"embeddable":true,"href":"https:\/\/casadolivreiro.pt\/index.php\/wp-json\/wp\/v2\/comments?post=3300"}],"wp:featuredmedia":[{"embeddable":true,"href":"https:\/\/casadolivreiro.pt\/index.php\/wp-json\/wp\/v2\/media\/3301"}],"wp:attachment":[{"href":"https:\/\/casadolivreiro.pt\/index.php\/wp-json\/wp\/v2\/media?parent=3300"}],"wp:term":[{"taxonomy":"product_cat","embeddable":true,"href":"https:\/\/casadolivreiro.pt\/index.php\/wp-json\/wp\/v2\/product_cat?post=3300"},{"taxonomy":"product_tag","embeddable":true,"href":"https:\/\/casadolivreiro.pt\/index.php\/wp-json\/wp\/v2\/product_tag?post=3300"}],"curies":[{"name":"wp","href":"https:\/\/api.w.org\/{rel}","templated":true}]}}