{"id":3297,"date":"2025-03-16T23:55:46","date_gmt":"2025-03-16T23:55:46","guid":{"rendered":"https:\/\/casadolivreiro.pt\/?post_type=product&#038;p=3297"},"modified":"2025-03-16T23:55:46","modified_gmt":"2025-03-16T23:55:46","slug":"atentado-a-alta-nivel-laslo-havas","status":"publish","type":"product","link":"https:\/\/casadolivreiro.pt\/index.php\/product\/atentado-a-alta-nivel-laslo-havas\/","title":{"rendered":"ATENTADO A ALTA N\u00cdVEL \u2013 Laslo Havas"},"content":{"rendered":"<p>ATENTADO A ALTA N\u00cdVEL \u2013 Laslo Havas<\/p>\n<p>Tradu\u00e7\u00e3o de Jos\u00e9 Ramos Luelmo<\/p>\n<p>Ano de edi\u00e7\u00e3o: 1969, 1.\u00aa edi\u00e7\u00e3o<\/p>\n<p>Editor: Ibis<\/p>\n<p>Idioma: Portugu\u00eas<\/p>\n<p>Dimens\u00f5es: 14 x 2.3 x\u00a0 20.8cm<\/p>\n<p>Encaderna\u00e7\u00e3o: Capa dura<\/p>\n<p>P\u00e1ginas: 358<\/p>\n","protected":false},"excerpt":{"rendered":"<p>ATENTADO A ALTA N\u00cdVEL \u2013 Laslo Havas Tradu\u00e7\u00e3o de Jos\u00e9 Ramos Luelmo Ano de edi\u00e7\u00e3o: 1969, 1.\u00aa edi\u00e7\u00e3o Editor: Ibis Idioma: Portugu\u00eas Dimens\u00f5es: 14 x 2.3 x\u00a0 20.8cm Encaderna\u00e7\u00e3o: Capa dura P\u00e1ginas: 358<\/p>\n","protected":false},"featured_media":3298,"comment_status":"open","ping_status":"closed","template":"","meta":{"om_disable_all_campaigns":false,"_monsterinsights_skip_tracking":false,"_monsterinsights_sitenote_active":false,"_monsterinsights_sitenote_note":"","_monsterinsights_sitenote_category":0,"_uf_show_specific_survey":0,"_uf_disable_surveys":false},"product_cat":[30,44],"product_tag":[],"aioseo_notices":[],"jetpack_sharing_enabled":true,"_links":{"self":[{"href":"https:\/\/casadolivreiro.pt\/index.php\/wp-json\/wp\/v2\/product\/3297"}],"collection":[{"href":"https:\/\/casadolivreiro.pt\/index.php\/wp-json\/wp\/v2\/product"}],"about":[{"href":"https:\/\/casadolivreiro.pt\/index.php\/wp-json\/wp\/v2\/types\/product"}],"replies":[{"embeddable":true,"href":"https:\/\/casadolivreiro.pt\/index.php\/wp-json\/wp\/v2\/comments?post=3297"}],"wp:featuredmedia":[{"embeddable":true,"href":"https:\/\/casadolivreiro.pt\/index.php\/wp-json\/wp\/v2\/media\/3298"}],"wp:attachment":[{"href":"https:\/\/casadolivreiro.pt\/index.php\/wp-json\/wp\/v2\/media?parent=3297"}],"wp:term":[{"taxonomy":"product_cat","embeddable":true,"href":"https:\/\/casadolivreiro.pt\/index.php\/wp-json\/wp\/v2\/product_cat?post=3297"},{"taxonomy":"product_tag","embeddable":true,"href":"https:\/\/casadolivreiro.pt\/index.php\/wp-json\/wp\/v2\/product_tag?post=3297"}],"curies":[{"name":"wp","href":"https:\/\/api.w.org\/{rel}","templated":true}]}}