{"id":3294,"date":"2025-03-16T23:48:51","date_gmt":"2025-03-16T23:48:51","guid":{"rendered":"https:\/\/casadolivreiro.pt\/?post_type=product&#038;p=3294"},"modified":"2025-03-16T23:52:45","modified_gmt":"2025-03-16T23:52:45","slug":"a-segunda-guerra-mundial-hellmuth-guenther-dahms","status":"publish","type":"product","link":"https:\/\/casadolivreiro.pt\/index.php\/product\/a-segunda-guerra-mundial-hellmuth-guenther-dahms\/","title":{"rendered":"A SEGUNDA GUERRA MUNDIAL \u2013 Hellmuth Guenther Dahms"},"content":{"rendered":"<p>A SEGUNDA GUERRA MUNDIAL \u2013 Hellmuth Guenther Dahms<\/p>\n<p>Tradu\u00e7\u00e3o de F.J. Cardoso Junior<\/p>\n<p>Ano de edi\u00e7\u00e3o: 1964, 1.\u00aa edi\u00e7\u00e3o<\/p>\n<p>Editor: Ibis<\/p>\n<p>Idioma: Portugu\u00eas<\/p>\n<p>Dimens\u00f5es: 14 x 2.9 x\u00a0 21cm<\/p>\n<p>Encaderna\u00e7\u00e3o: Capa dura<\/p>\n<p>P\u00e1ginas: 404<\/p>\n","protected":false},"excerpt":{"rendered":"<p>A SEGUNDA GUERRA MUNDIAL \u2013 Hellmuth Guenther Dahms Tradu\u00e7\u00e3o de F.J. Cardoso Junior Ano de edi\u00e7\u00e3o: 1964, 1.\u00aa edi\u00e7\u00e3o Editor: Ibis Idioma: Portugu\u00eas Dimens\u00f5es: 14 x 2.9 x\u00a0 21cm Encaderna\u00e7\u00e3o: Capa dura P\u00e1ginas: 404<\/p>\n","protected":false},"featured_media":3295,"comment_status":"open","ping_status":"closed","template":"","meta":{"om_disable_all_campaigns":false,"_monsterinsights_skip_tracking":false,"_monsterinsights_sitenote_active":false,"_monsterinsights_sitenote_note":"","_monsterinsights_sitenote_category":0,"_uf_show_specific_survey":0,"_uf_disable_surveys":false},"product_cat":[30,61],"product_tag":[],"aioseo_notices":[],"jetpack_sharing_enabled":true,"_links":{"self":[{"href":"https:\/\/casadolivreiro.pt\/index.php\/wp-json\/wp\/v2\/product\/3294"}],"collection":[{"href":"https:\/\/casadolivreiro.pt\/index.php\/wp-json\/wp\/v2\/product"}],"about":[{"href":"https:\/\/casadolivreiro.pt\/index.php\/wp-json\/wp\/v2\/types\/product"}],"replies":[{"embeddable":true,"href":"https:\/\/casadolivreiro.pt\/index.php\/wp-json\/wp\/v2\/comments?post=3294"}],"wp:featuredmedia":[{"embeddable":true,"href":"https:\/\/casadolivreiro.pt\/index.php\/wp-json\/wp\/v2\/media\/3295"}],"wp:attachment":[{"href":"https:\/\/casadolivreiro.pt\/index.php\/wp-json\/wp\/v2\/media?parent=3294"}],"wp:term":[{"taxonomy":"product_cat","embeddable":true,"href":"https:\/\/casadolivreiro.pt\/index.php\/wp-json\/wp\/v2\/product_cat?post=3294"},{"taxonomy":"product_tag","embeddable":true,"href":"https:\/\/casadolivreiro.pt\/index.php\/wp-json\/wp\/v2\/product_tag?post=3294"}],"curies":[{"name":"wp","href":"https:\/\/api.w.org\/{rel}","templated":true}]}}