{"id":3292,"date":"2025-03-16T23:37:34","date_gmt":"2025-03-16T23:37:34","guid":{"rendered":"https:\/\/casadolivreiro.pt\/?post_type=product&#038;p=3292"},"modified":"2025-03-16T23:37:34","modified_gmt":"2025-03-16T23:37:34","slug":"historia-univrsal-volume-21-america-pre-colombiana-laurette-sejourne","status":"publish","type":"product","link":"https:\/\/casadolivreiro.pt\/index.php\/product\/historia-univrsal-volume-21-america-pre-colombiana-laurette-sejourne\/","title":{"rendered":"HIST\u00d3RIA UNIVRSAL, Volume 21, Am\u00e9rica pr\u00e9-colombiana \u2013 Laurette S\u00e9journ\u00e9"},"content":{"rendered":"<p>HIST\u00d3RIA UNIVRSAL, Volume 21, Am\u00e9rica pr\u00e9-colombiana \u2013 Laurette S\u00e9journ\u00e9<\/p>\n<p>Ano de edi\u00e7\u00e3o:<\/p>\n<p>Editor: Meridiano, Lisboa<\/p>\n<p>Idioma: Portugu\u00eas<\/p>\n<p>Dimens\u00f5es: 15 x 2.6 x\u00a0 24.7cm<\/p>\n<p>Encaderna\u00e7\u00e3o: Capa mole<\/p>\n<p>P\u00e1ginas: 310<\/p>\n","protected":false},"excerpt":{"rendered":"<p>HIST\u00d3RIA UNIVRSAL, Volume 21, Am\u00e9rica pr\u00e9-colombiana \u2013 Laurette S\u00e9journ\u00e9 Ano de edi\u00e7\u00e3o: Editor: Meridiano, Lisboa Idioma: Portugu\u00eas Dimens\u00f5es: 15 x 2.6 x\u00a0 24.7cm Encaderna\u00e7\u00e3o: Capa mole P\u00e1ginas: 310<\/p>\n","protected":false},"featured_media":3293,"comment_status":"open","ping_status":"closed","template":"","meta":{"om_disable_all_campaigns":false,"_monsterinsights_skip_tracking":false,"_monsterinsights_sitenote_active":false,"_monsterinsights_sitenote_note":"","_monsterinsights_sitenote_category":0,"_uf_show_specific_survey":0,"_uf_disable_surveys":false},"product_cat":[30],"product_tag":[],"aioseo_notices":[],"jetpack_sharing_enabled":true,"_links":{"self":[{"href":"https:\/\/casadolivreiro.pt\/index.php\/wp-json\/wp\/v2\/product\/3292"}],"collection":[{"href":"https:\/\/casadolivreiro.pt\/index.php\/wp-json\/wp\/v2\/product"}],"about":[{"href":"https:\/\/casadolivreiro.pt\/index.php\/wp-json\/wp\/v2\/types\/product"}],"replies":[{"embeddable":true,"href":"https:\/\/casadolivreiro.pt\/index.php\/wp-json\/wp\/v2\/comments?post=3292"}],"wp:featuredmedia":[{"embeddable":true,"href":"https:\/\/casadolivreiro.pt\/index.php\/wp-json\/wp\/v2\/media\/3293"}],"wp:attachment":[{"href":"https:\/\/casadolivreiro.pt\/index.php\/wp-json\/wp\/v2\/media?parent=3292"}],"wp:term":[{"taxonomy":"product_cat","embeddable":true,"href":"https:\/\/casadolivreiro.pt\/index.php\/wp-json\/wp\/v2\/product_cat?post=3292"},{"taxonomy":"product_tag","embeddable":true,"href":"https:\/\/casadolivreiro.pt\/index.php\/wp-json\/wp\/v2\/product_tag?post=3292"}],"curies":[{"name":"wp","href":"https:\/\/api.w.org\/{rel}","templated":true}]}}