{"id":3288,"date":"2025-03-16T23:17:16","date_gmt":"2025-03-16T23:17:16","guid":{"rendered":"https:\/\/casadolivreiro.pt\/?post_type=product&#038;p=3288"},"modified":"2025-03-16T23:17:17","modified_gmt":"2025-03-16T23:17:17","slug":"ramses-ii-o-grande-claire-lalouette","status":"publish","type":"product","link":"https:\/\/casadolivreiro.pt\/index.php\/product\/ramses-ii-o-grande-claire-lalouette\/","title":{"rendered":"RAMS\u00c9S II O GRANDE \u2013 Claire Lalouette"},"content":{"rendered":"<p>RAMS\u00c9S II O GRANDE \u2013 Claire Lalouette<\/p>\n<p>Tradu\u00e7\u00e3o de Maria de Lurdes Feio<\/p>\n<p>Ano de edi\u00e7\u00e3o: 2006 ( 1\u00aa edi\u00e7\u00e3o)<\/p>\n<p>Editor: \u00c9squilo<\/p>\n<p>Idioma: Portugu\u00eas<\/p>\n<p>Dimens\u00f5es: 15.9 x 1.5 x\u00a0 23cm<\/p>\n<p>Encaderna\u00e7\u00e3o: Capa mole<\/p>\n<p>P\u00e1ginas: 230<\/p>\n","protected":false},"excerpt":{"rendered":"<p>RAMS\u00c9S II O GRANDE \u2013 Claire Lalouette Tradu\u00e7\u00e3o de Maria de Lurdes Feio Ano de edi\u00e7\u00e3o: 2006 ( 1\u00aa edi\u00e7\u00e3o) Editor: \u00c9squilo Idioma: Portugu\u00eas Dimens\u00f5es: 15.9 x 1.5 x\u00a0 23cm Encaderna\u00e7\u00e3o: Capa mole P\u00e1ginas: 230<\/p>\n","protected":false},"featured_media":3289,"comment_status":"open","ping_status":"closed","template":"","meta":{"om_disable_all_campaigns":false,"_monsterinsights_skip_tracking":false,"_monsterinsights_sitenote_active":false,"_monsterinsights_sitenote_note":"","_monsterinsights_sitenote_category":0,"_uf_show_specific_survey":0,"_uf_disable_surveys":false},"product_cat":[26,38],"product_tag":[],"aioseo_notices":[],"jetpack_sharing_enabled":true,"_links":{"self":[{"href":"https:\/\/casadolivreiro.pt\/index.php\/wp-json\/wp\/v2\/product\/3288"}],"collection":[{"href":"https:\/\/casadolivreiro.pt\/index.php\/wp-json\/wp\/v2\/product"}],"about":[{"href":"https:\/\/casadolivreiro.pt\/index.php\/wp-json\/wp\/v2\/types\/product"}],"replies":[{"embeddable":true,"href":"https:\/\/casadolivreiro.pt\/index.php\/wp-json\/wp\/v2\/comments?post=3288"}],"wp:featuredmedia":[{"embeddable":true,"href":"https:\/\/casadolivreiro.pt\/index.php\/wp-json\/wp\/v2\/media\/3289"}],"wp:attachment":[{"href":"https:\/\/casadolivreiro.pt\/index.php\/wp-json\/wp\/v2\/media?parent=3288"}],"wp:term":[{"taxonomy":"product_cat","embeddable":true,"href":"https:\/\/casadolivreiro.pt\/index.php\/wp-json\/wp\/v2\/product_cat?post=3288"},{"taxonomy":"product_tag","embeddable":true,"href":"https:\/\/casadolivreiro.pt\/index.php\/wp-json\/wp\/v2\/product_tag?post=3288"}],"curies":[{"name":"wp","href":"https:\/\/api.w.org\/{rel}","templated":true}]}}