{"id":3286,"date":"2025-03-16T23:09:10","date_gmt":"2025-03-16T23:09:10","guid":{"rendered":"https:\/\/casadolivreiro.pt\/?post_type=product&#038;p=3286"},"modified":"2025-03-16T23:09:10","modified_gmt":"2025-03-16T23:09:10","slug":"historia-universal-vol-10-o-seculo-das-luzes-massimo-l-salvadori","status":"publish","type":"product","link":"https:\/\/casadolivreiro.pt\/index.php\/product\/historia-universal-vol-10-o-seculo-das-luzes-massimo-l-salvadori\/","title":{"rendered":"HIST\u00d3RIA UNIVERSAL, Vol 10, O Seculo das Luzes \u2013 Massimo L. Salvadori"},"content":{"rendered":"<p>HIST\u00d3RIA UNIVERSAL, Vol 10, O Seculo das Luzes \u2013 Massimo L. Salvadori<\/p>\n<p>Tradu\u00e7\u00e3o de C\u00e1tia Granadeiro, Paula Pereira, Joana Rigato, Sandra Seabra, Ricardo Sequeira e Germana Zarcone<\/p>\n<p>Ano de edi\u00e7\u00e3o: 2005<\/p>\n<p>Editor: Aleph Serveis Editorials (Edi\u00e7\u00e3o em Exclusivo para o Correio da Manh\u00e3.)<\/p>\n<p>Idioma: Portugu\u00eas<\/p>\n<p>Dimens\u00f5es: 14 x 4 x\u00a0 21.2cm<\/p>\n<p>Encaderna\u00e7\u00e3o: Capa dura<\/p>\n<p>P\u00e1ginas: 720<\/p>\n","protected":false},"excerpt":{"rendered":"<p>HIST\u00d3RIA UNIVERSAL, Vol 10, O Seculo das Luzes \u2013 Massimo L. Salvadori Tradu\u00e7\u00e3o de C\u00e1tia Granadeiro, Paula Pereira, Joana Rigato, Sandra Seabra, Ricardo Sequeira e Germana Zarcone Ano de edi\u00e7\u00e3o: 2005 Editor: Aleph Serveis Editorials (Edi\u00e7\u00e3o em Exclusivo para o Correio da Manh\u00e3.) Idioma: Portugu\u00eas Dimens\u00f5es: 14 x 4 x\u00a0 21.2cm Encaderna\u00e7\u00e3o: Capa dura P\u00e1ginas: [&hellip;]<\/p>\n","protected":false},"featured_media":3287,"comment_status":"open","ping_status":"closed","template":"","meta":{"om_disable_all_campaigns":false,"_monsterinsights_skip_tracking":false,"_monsterinsights_sitenote_active":false,"_monsterinsights_sitenote_note":"","_monsterinsights_sitenote_category":0,"_uf_show_specific_survey":0,"_uf_disable_surveys":false},"product_cat":[47,30,59,62],"product_tag":[],"aioseo_notices":[],"jetpack_sharing_enabled":true,"_links":{"self":[{"href":"https:\/\/casadolivreiro.pt\/index.php\/wp-json\/wp\/v2\/product\/3286"}],"collection":[{"href":"https:\/\/casadolivreiro.pt\/index.php\/wp-json\/wp\/v2\/product"}],"about":[{"href":"https:\/\/casadolivreiro.pt\/index.php\/wp-json\/wp\/v2\/types\/product"}],"replies":[{"embeddable":true,"href":"https:\/\/casadolivreiro.pt\/index.php\/wp-json\/wp\/v2\/comments?post=3286"}],"wp:featuredmedia":[{"embeddable":true,"href":"https:\/\/casadolivreiro.pt\/index.php\/wp-json\/wp\/v2\/media\/3287"}],"wp:attachment":[{"href":"https:\/\/casadolivreiro.pt\/index.php\/wp-json\/wp\/v2\/media?parent=3286"}],"wp:term":[{"taxonomy":"product_cat","embeddable":true,"href":"https:\/\/casadolivreiro.pt\/index.php\/wp-json\/wp\/v2\/product_cat?post=3286"},{"taxonomy":"product_tag","embeddable":true,"href":"https:\/\/casadolivreiro.pt\/index.php\/wp-json\/wp\/v2\/product_tag?post=3286"}],"curies":[{"name":"wp","href":"https:\/\/api.w.org\/{rel}","templated":true}]}}