{"id":3280,"date":"2025-03-16T22:48:05","date_gmt":"2025-03-16T22:48:05","guid":{"rendered":"https:\/\/casadolivreiro.pt\/?post_type=product&#038;p=3280"},"modified":"2025-03-16T22:48:05","modified_gmt":"2025-03-16T22:48:05","slug":"grandes-escandalos-colin-wilson-e-donald-seaman","status":"publish","type":"product","link":"https:\/\/casadolivreiro.pt\/index.php\/product\/grandes-escandalos-colin-wilson-e-donald-seaman\/","title":{"rendered":"GRANDES ESC\u00c2NDALOS \u2013 Colin Wilson e Donald Seaman"},"content":{"rendered":"<p>GRANDES ESC\u00c2NDALOS \u2013 Colin Wilson e Donald Seaman<\/p>\n<p>Tradu\u00e7\u00e3o de Ana Andr\u00e9 Costa<\/p>\n<p>Ano de edi\u00e7\u00e3o: 1989<\/p>\n<p>Editor: Circulo de Leitores<\/p>\n<p>Idioma: Portugu\u00eas<\/p>\n<p>Dimens\u00f5es: 12 x 2.2 x\u00a0 20.3cm<\/p>\n<p>Encaderna\u00e7\u00e3o: Capa dura<\/p>\n<p>P\u00e1ginas: 301<\/p>\n","protected":false},"excerpt":{"rendered":"<p>GRANDES ESC\u00c2NDALOS \u2013 Colin Wilson e Donald Seaman Tradu\u00e7\u00e3o de Ana Andr\u00e9 Costa Ano de edi\u00e7\u00e3o: 1989 Editor: Circulo de Leitores Idioma: Portugu\u00eas Dimens\u00f5es: 12 x 2.2 x\u00a0 20.3cm Encaderna\u00e7\u00e3o: Capa dura P\u00e1ginas: 301<\/p>\n","protected":false},"featured_media":3281,"comment_status":"open","ping_status":"closed","template":"","meta":{"om_disable_all_campaigns":false,"_monsterinsights_skip_tracking":false,"_monsterinsights_sitenote_active":false,"_monsterinsights_sitenote_note":"","_monsterinsights_sitenote_category":0,"_uf_show_specific_survey":0,"_uf_disable_surveys":false},"product_cat":[30,44],"product_tag":[],"aioseo_notices":[],"jetpack_sharing_enabled":true,"_links":{"self":[{"href":"https:\/\/casadolivreiro.pt\/index.php\/wp-json\/wp\/v2\/product\/3280"}],"collection":[{"href":"https:\/\/casadolivreiro.pt\/index.php\/wp-json\/wp\/v2\/product"}],"about":[{"href":"https:\/\/casadolivreiro.pt\/index.php\/wp-json\/wp\/v2\/types\/product"}],"replies":[{"embeddable":true,"href":"https:\/\/casadolivreiro.pt\/index.php\/wp-json\/wp\/v2\/comments?post=3280"}],"wp:featuredmedia":[{"embeddable":true,"href":"https:\/\/casadolivreiro.pt\/index.php\/wp-json\/wp\/v2\/media\/3281"}],"wp:attachment":[{"href":"https:\/\/casadolivreiro.pt\/index.php\/wp-json\/wp\/v2\/media?parent=3280"}],"wp:term":[{"taxonomy":"product_cat","embeddable":true,"href":"https:\/\/casadolivreiro.pt\/index.php\/wp-json\/wp\/v2\/product_cat?post=3280"},{"taxonomy":"product_tag","embeddable":true,"href":"https:\/\/casadolivreiro.pt\/index.php\/wp-json\/wp\/v2\/product_tag?post=3280"}],"curies":[{"name":"wp","href":"https:\/\/api.w.org\/{rel}","templated":true}]}}