{"id":3276,"date":"2025-03-16T19:52:01","date_gmt":"2025-03-16T19:52:01","guid":{"rendered":"https:\/\/casadolivreiro.pt\/?post_type=product&#038;p=3276"},"modified":"2025-03-16T19:52:01","modified_gmt":"2025-03-16T19:52:01","slug":"a-rainha-a-nova-biografia-de-isabel-ii-volumes-1-e-2-matthew-dennison","status":"publish","type":"product","link":"https:\/\/casadolivreiro.pt\/index.php\/product\/a-rainha-a-nova-biografia-de-isabel-ii-volumes-1-e-2-matthew-dennison\/","title":{"rendered":"A RAINHA: A NOVA BIOGRAFIA DE ISABEL II, Volumes 1 e 2 \u2013 Matthew Dennison"},"content":{"rendered":"<p>A RAINHA: A NOVA BIOGRAFIA DE ISABEL II, Volumes 1 e 2 \u2013 Matthew Dennison<\/p>\n<p>Tradu\u00e7\u00e3o de Maria Jo\u00e3o Vieira e Sofia Barrocas<\/p>\n<p>Ano de edi\u00e7\u00e3o: 2021<\/p>\n<p>Editor: Reverso (para a revista S\u00e1bado)<\/p>\n<p>Idioma: Portugu\u00eas<\/p>\n<p>Dimens\u00f5es: 13 x 1.8 x\u00a0 19.5cm<\/p>\n<p>Encaderna\u00e7\u00e3o: Capa mole<\/p>\n<p>P\u00e1ginas: 223 + 191<\/p>\n","protected":false},"excerpt":{"rendered":"<p>A RAINHA: A NOVA BIOGRAFIA DE ISABEL II, Volumes 1 e 2 \u2013 Matthew Dennison Tradu\u00e7\u00e3o de Maria Jo\u00e3o Vieira e Sofia Barrocas Ano de edi\u00e7\u00e3o: 2021 Editor: Reverso (para a revista S\u00e1bado) Idioma: Portugu\u00eas Dimens\u00f5es: 13 x 1.8 x\u00a0 19.5cm Encaderna\u00e7\u00e3o: Capa mole P\u00e1ginas: 223 + 191<\/p>\n","protected":false},"featured_media":3277,"comment_status":"open","ping_status":"closed","template":"","meta":{"om_disable_all_campaigns":false,"_monsterinsights_skip_tracking":false,"_monsterinsights_sitenote_active":false,"_monsterinsights_sitenote_note":"","_monsterinsights_sitenote_category":0,"_uf_show_specific_survey":0,"_uf_disable_surveys":false},"product_cat":[28,30],"product_tag":[],"aioseo_notices":[],"jetpack_sharing_enabled":true,"_links":{"self":[{"href":"https:\/\/casadolivreiro.pt\/index.php\/wp-json\/wp\/v2\/product\/3276"}],"collection":[{"href":"https:\/\/casadolivreiro.pt\/index.php\/wp-json\/wp\/v2\/product"}],"about":[{"href":"https:\/\/casadolivreiro.pt\/index.php\/wp-json\/wp\/v2\/types\/product"}],"replies":[{"embeddable":true,"href":"https:\/\/casadolivreiro.pt\/index.php\/wp-json\/wp\/v2\/comments?post=3276"}],"wp:featuredmedia":[{"embeddable":true,"href":"https:\/\/casadolivreiro.pt\/index.php\/wp-json\/wp\/v2\/media\/3277"}],"wp:attachment":[{"href":"https:\/\/casadolivreiro.pt\/index.php\/wp-json\/wp\/v2\/media?parent=3276"}],"wp:term":[{"taxonomy":"product_cat","embeddable":true,"href":"https:\/\/casadolivreiro.pt\/index.php\/wp-json\/wp\/v2\/product_cat?post=3276"},{"taxonomy":"product_tag","embeddable":true,"href":"https:\/\/casadolivreiro.pt\/index.php\/wp-json\/wp\/v2\/product_tag?post=3276"}],"curies":[{"name":"wp","href":"https:\/\/api.w.org\/{rel}","templated":true}]}}