{"id":3257,"date":"2025-03-16T17:06:31","date_gmt":"2025-03-16T17:06:31","guid":{"rendered":"https:\/\/casadolivreiro.pt\/?post_type=product&#038;p=3257"},"modified":"2025-03-16T17:06:31","modified_gmt":"2025-03-16T17:06:31","slug":"um-quarto-de-seculo-visto-pelo-expresso","status":"publish","type":"product","link":"https:\/\/casadolivreiro.pt\/index.php\/product\/um-quarto-de-seculo-visto-pelo-expresso\/","title":{"rendered":"UM QUARTO DE S\u00c9CULO VISTO PELO EXPRESSO"},"content":{"rendered":"<p>UM QUARTO DE S\u00c9CULO VISTO PELO EXPRESSO<\/p>\n<p>Ano de edi\u00e7\u00e3o: 1999<\/p>\n<p>Editor: Centro Colombo<\/p>\n<p>Idioma: Portugu\u00eas<\/p>\n<p>Dimens\u00f5es: 20.3 x 0.7 x 28.5cm<\/p>\n<p>Encaderna\u00e7\u00e3o: Capa dura<\/p>\n<p>P\u00e1ginas: 32<\/p>\n","protected":false},"excerpt":{"rendered":"<p>UM QUARTO DE S\u00c9CULO VISTO PELO EXPRESSO Ano de edi\u00e7\u00e3o: 1999 Editor: Centro Colombo Idioma: Portugu\u00eas Dimens\u00f5es: 20.3 x 0.7 x 28.5cm Encaderna\u00e7\u00e3o: Capa dura P\u00e1ginas: 32<\/p>\n","protected":false},"featured_media":3259,"comment_status":"open","ping_status":"closed","template":"","meta":{"om_disable_all_campaigns":false,"_monsterinsights_skip_tracking":false,"_monsterinsights_sitenote_active":false,"_monsterinsights_sitenote_note":"","_monsterinsights_sitenote_category":0,"_uf_show_specific_survey":0,"_uf_disable_surveys":false},"product_cat":[30,65],"product_tag":[],"aioseo_notices":[],"jetpack_sharing_enabled":true,"_links":{"self":[{"href":"https:\/\/casadolivreiro.pt\/index.php\/wp-json\/wp\/v2\/product\/3257"}],"collection":[{"href":"https:\/\/casadolivreiro.pt\/index.php\/wp-json\/wp\/v2\/product"}],"about":[{"href":"https:\/\/casadolivreiro.pt\/index.php\/wp-json\/wp\/v2\/types\/product"}],"replies":[{"embeddable":true,"href":"https:\/\/casadolivreiro.pt\/index.php\/wp-json\/wp\/v2\/comments?post=3257"}],"wp:featuredmedia":[{"embeddable":true,"href":"https:\/\/casadolivreiro.pt\/index.php\/wp-json\/wp\/v2\/media\/3259"}],"wp:attachment":[{"href":"https:\/\/casadolivreiro.pt\/index.php\/wp-json\/wp\/v2\/media?parent=3257"}],"wp:term":[{"taxonomy":"product_cat","embeddable":true,"href":"https:\/\/casadolivreiro.pt\/index.php\/wp-json\/wp\/v2\/product_cat?post=3257"},{"taxonomy":"product_tag","embeddable":true,"href":"https:\/\/casadolivreiro.pt\/index.php\/wp-json\/wp\/v2\/product_tag?post=3257"}],"curies":[{"name":"wp","href":"https:\/\/api.w.org\/{rel}","templated":true}]}}