{"id":3253,"date":"2025-03-16T16:50:29","date_gmt":"2025-03-16T16:50:29","guid":{"rendered":"https:\/\/casadolivreiro.pt\/?post_type=product&#038;p=3253"},"modified":"2025-03-16T16:50:29","modified_gmt":"2025-03-16T16:50:29","slug":"le-monde-autour-de-1938-hitler-menace-leurope-larousse","status":"publish","type":"product","link":"https:\/\/casadolivreiro.pt\/index.php\/product\/le-monde-autour-de-1938-hitler-menace-leurope-larousse\/","title":{"rendered":"LE MONDE AUTOUR DE\u2026 1938 Hitler menace l\u2019Europe &#8211; Larousse"},"content":{"rendered":"<p>LE MONDE AUTOUR DE\u2026 1938 Hitler menace l\u2019Europe &#8211; Larousse<\/p>\n<p>Collection Monde et Histoire<\/p>\n<p>Ano de edi\u00e7\u00e3o: 1972<\/p>\n<p>Editor: Larousse<\/p>\n<p>Idioma: Franc\u00eas<\/p>\n<p>Dimens\u00f5es: 22.5 x 1.7 x 26.4cm<\/p>\n<p>Encaderna\u00e7\u00e3o: Capa dura<\/p>\n<p>P\u00e1ginas: 160<\/p>\n","protected":false},"excerpt":{"rendered":"<p>LE MONDE AUTOUR DE\u2026 1938 Hitler menace l\u2019Europe &#8211; Larousse Collection Monde et Histoire Ano de edi\u00e7\u00e3o: 1972 Editor: Larousse Idioma: Franc\u00eas Dimens\u00f5es: 22.5 x 1.7 x 26.4cm Encaderna\u00e7\u00e3o: Capa dura P\u00e1ginas: 160<\/p>\n","protected":false},"featured_media":3254,"comment_status":"open","ping_status":"closed","template":"","meta":{"om_disable_all_campaigns":false,"_monsterinsights_skip_tracking":false,"_monsterinsights_sitenote_active":false,"_monsterinsights_sitenote_note":"","_monsterinsights_sitenote_category":0,"_uf_show_specific_survey":0,"_uf_disable_surveys":false},"product_cat":[46,30],"product_tag":[],"aioseo_notices":[],"jetpack_sharing_enabled":true,"_links":{"self":[{"href":"https:\/\/casadolivreiro.pt\/index.php\/wp-json\/wp\/v2\/product\/3253"}],"collection":[{"href":"https:\/\/casadolivreiro.pt\/index.php\/wp-json\/wp\/v2\/product"}],"about":[{"href":"https:\/\/casadolivreiro.pt\/index.php\/wp-json\/wp\/v2\/types\/product"}],"replies":[{"embeddable":true,"href":"https:\/\/casadolivreiro.pt\/index.php\/wp-json\/wp\/v2\/comments?post=3253"}],"wp:featuredmedia":[{"embeddable":true,"href":"https:\/\/casadolivreiro.pt\/index.php\/wp-json\/wp\/v2\/media\/3254"}],"wp:attachment":[{"href":"https:\/\/casadolivreiro.pt\/index.php\/wp-json\/wp\/v2\/media?parent=3253"}],"wp:term":[{"taxonomy":"product_cat","embeddable":true,"href":"https:\/\/casadolivreiro.pt\/index.php\/wp-json\/wp\/v2\/product_cat?post=3253"},{"taxonomy":"product_tag","embeddable":true,"href":"https:\/\/casadolivreiro.pt\/index.php\/wp-json\/wp\/v2\/product_tag?post=3253"}],"curies":[{"name":"wp","href":"https:\/\/api.w.org\/{rel}","templated":true}]}}