{"id":3251,"date":"2025-03-16T15:55:13","date_gmt":"2025-03-16T15:55:13","guid":{"rendered":"https:\/\/casadolivreiro.pt\/?post_type=product&#038;p=3251"},"modified":"2025-03-16T15:55:13","modified_gmt":"2025-03-16T15:55:13","slug":"historia-de-portugal-volumes-1-e-2-jose-carlos-amado","status":"publish","type":"product","link":"https:\/\/casadolivreiro.pt\/index.php\/product\/historia-de-portugal-volumes-1-e-2-jose-carlos-amado\/","title":{"rendered":"HIST\u00d3RIA DE PORTUGAL, Volumes 1 e  2 \u2013 Jos\u00e9 Carlos Amado"},"content":{"rendered":"<p>HIST\u00d3RIA DE PORTUGAL, Volumes 1 e \u00a02 \u2013 Jos\u00e9 Carlos Amado<\/p>\n<p>Ano de edi\u00e7\u00e3o: 1966<\/p>\n<p>Editor: Verbo Juvenil<\/p>\n<p>Idioma: Portugu\u00eas<\/p>\n<p>Dimens\u00f5es: 22.5 x 1.6 x 28.5cm<\/p>\n<p>Encaderna\u00e7\u00e3o: Capa dura<\/p>\n<p>P\u00e1ginas: 84 + 82<\/p>\n","protected":false},"excerpt":{"rendered":"<p>HIST\u00d3RIA DE PORTUGAL, Volumes 1 e \u00a02 \u2013 Jos\u00e9 Carlos Amado Ano de edi\u00e7\u00e3o: 1966 Editor: Verbo Juvenil Idioma: Portugu\u00eas Dimens\u00f5es: 22.5 x 1.6 x 28.5cm Encaderna\u00e7\u00e3o: Capa dura P\u00e1ginas: 84 + 82<\/p>\n","protected":false},"featured_media":3252,"comment_status":"open","ping_status":"closed","template":"","meta":{"om_disable_all_campaigns":false,"_monsterinsights_skip_tracking":false,"_monsterinsights_sitenote_active":false,"_monsterinsights_sitenote_note":"","_monsterinsights_sitenote_category":0,"_uf_show_specific_survey":0,"_uf_disable_surveys":false},"product_cat":[47,30,34],"product_tag":[],"aioseo_notices":[],"jetpack_sharing_enabled":true,"_links":{"self":[{"href":"https:\/\/casadolivreiro.pt\/index.php\/wp-json\/wp\/v2\/product\/3251"}],"collection":[{"href":"https:\/\/casadolivreiro.pt\/index.php\/wp-json\/wp\/v2\/product"}],"about":[{"href":"https:\/\/casadolivreiro.pt\/index.php\/wp-json\/wp\/v2\/types\/product"}],"replies":[{"embeddable":true,"href":"https:\/\/casadolivreiro.pt\/index.php\/wp-json\/wp\/v2\/comments?post=3251"}],"wp:featuredmedia":[{"embeddable":true,"href":"https:\/\/casadolivreiro.pt\/index.php\/wp-json\/wp\/v2\/media\/3252"}],"wp:attachment":[{"href":"https:\/\/casadolivreiro.pt\/index.php\/wp-json\/wp\/v2\/media?parent=3251"}],"wp:term":[{"taxonomy":"product_cat","embeddable":true,"href":"https:\/\/casadolivreiro.pt\/index.php\/wp-json\/wp\/v2\/product_cat?post=3251"},{"taxonomy":"product_tag","embeddable":true,"href":"https:\/\/casadolivreiro.pt\/index.php\/wp-json\/wp\/v2\/product_tag?post=3251"}],"curies":[{"name":"wp","href":"https:\/\/api.w.org\/{rel}","templated":true}]}}