{"id":325,"date":"2024-03-09T16:42:29","date_gmt":"2024-03-09T16:42:29","guid":{"rendered":"https:\/\/casadolivreiro.pt\/?post_type=product&#038;p=325"},"modified":"2025-03-03T19:10:00","modified_gmt":"2025-03-03T19:10:00","slug":"um-dia-de-amor-e-saudade-amar-em-frances-ellen-sussman","status":"publish","type":"product","link":"https:\/\/casadolivreiro.pt\/index.php\/product\/um-dia-de-amor-e-saudade-amar-em-frances-ellen-sussman\/","title":{"rendered":"UM DIA DE AMOR E SAUDADE: AMAR EM FRANC\u00caS &#8211; Ellen Sussman"},"content":{"rendered":"<p>UM DIA DE AMOR E SAUDADE: AMAR EM FRANC\u00caS<br \/>\nEllen Sussman<br \/>\nISBN: 9789899788091<br \/>\nAno de edi\u00e7\u00e3o: 05-2014<br \/>\nEditor: Noites Brancas<br \/>\nIdioma: Portugu\u00eas<br \/>\nDimens\u00f5es: 16.1 x 1.5 x 23.5 cm<br \/>\nEncaderna\u00e7\u00e3o: Capa mole<br \/>\nP\u00e1ginas: 240<\/p>\n<p>Um \u00fanico dia em Paris altera a vida de tr\u00eas pessoas decididas a explorarem a cidade com os seus professores de Franc\u00eas. Mais do que a l\u00edngua do pa\u00eds, aprender\u00e3o a l\u00edngua do amor e da perda, e as suas vidas cruzar-se-\u00e3o de formas surpreendentes. Josie, Riley e Jeremy viajam para Paris por raz\u00f5es diferentes. Josie, uma jovem professora de liceu, chega na esperan\u00e7a de curar um cora\u00e7\u00e3o partido; Riley, uma espirituosa mas solit\u00e1ria dona de casa expatriada, luta para sentir alguma liga\u00e7\u00e3o ao marido e ao novo pa\u00eds. E Jeremy, o reservado marido de uma famosa atriz, veio acompanhar a mulher na rodagem de um filme, mas sente-se distante do mundo dela. Ao travarem conhecimento com os seus professores de Franc\u00eas \u2014 Josie com Nico, um sens\u00edvel poeta; Riley com Philippe, um inveterado conquistador; e Jeremy com a bela Chantal \u2014 sucumbem \u00e0 inevit\u00e1vel paix\u00e3o e a imprevis\u00edveis aventuras na Cidade-Luz. \u00c0 medida que atravessam as grandiosas avenidas e sinuosas ruelas de Paris, Josie, Riley e Jeremy desvendam surpreendentes segredos acerca do seu passado e acabam por encarar de frente algumas verdades h\u00e1 muito escondidas.<\/p>\n","protected":false},"excerpt":{"rendered":"<p>UM DIA DE AMOR E SAUDADE: AMAR EM FRANC\u00caS Ellen Sussman ISBN: 9789899788091 Ano de edi\u00e7\u00e3o: 05-2014 Editor: Noites Brancas Idioma: Portugu\u00eas Dimens\u00f5es: 16.1 x 1.5 x 23.5 cm Encaderna\u00e7\u00e3o: Capa mole P\u00e1ginas: 240 Um \u00fanico dia em Paris altera a vida de tr\u00eas pessoas decididas a explorarem a cidade com os seus professores de [&hellip;]<\/p>\n","protected":false},"featured_media":2947,"comment_status":"open","ping_status":"closed","template":"","meta":{"om_disable_all_campaigns":false,"_monsterinsights_skip_tracking":false,"_monsterinsights_sitenote_active":false,"_monsterinsights_sitenote_note":"","_monsterinsights_sitenote_category":0,"_uf_show_specific_survey":0,"_uf_disable_surveys":false},"product_cat":[26,62,37],"product_tag":[],"aioseo_notices":[],"jetpack_sharing_enabled":true,"_links":{"self":[{"href":"https:\/\/casadolivreiro.pt\/index.php\/wp-json\/wp\/v2\/product\/325"}],"collection":[{"href":"https:\/\/casadolivreiro.pt\/index.php\/wp-json\/wp\/v2\/product"}],"about":[{"href":"https:\/\/casadolivreiro.pt\/index.php\/wp-json\/wp\/v2\/types\/product"}],"replies":[{"embeddable":true,"href":"https:\/\/casadolivreiro.pt\/index.php\/wp-json\/wp\/v2\/comments?post=325"}],"wp:featuredmedia":[{"embeddable":true,"href":"https:\/\/casadolivreiro.pt\/index.php\/wp-json\/wp\/v2\/media\/2947"}],"wp:attachment":[{"href":"https:\/\/casadolivreiro.pt\/index.php\/wp-json\/wp\/v2\/media?parent=325"}],"wp:term":[{"taxonomy":"product_cat","embeddable":true,"href":"https:\/\/casadolivreiro.pt\/index.php\/wp-json\/wp\/v2\/product_cat?post=325"},{"taxonomy":"product_tag","embeddable":true,"href":"https:\/\/casadolivreiro.pt\/index.php\/wp-json\/wp\/v2\/product_tag?post=325"}],"curies":[{"name":"wp","href":"https:\/\/api.w.org\/{rel}","templated":true}]}}