{"id":3245,"date":"2025-03-16T15:36:46","date_gmt":"2025-03-16T15:36:46","guid":{"rendered":"https:\/\/casadolivreiro.pt\/?post_type=product&#038;p=3245"},"modified":"2025-03-16T15:36:47","modified_gmt":"2025-03-16T15:36:47","slug":"the-buchenwald-boys-a-story-of-survival-immigration-museum-catalogue","status":"publish","type":"product","link":"https:\/\/casadolivreiro.pt\/index.php\/product\/the-buchenwald-boys-a-story-of-survival-immigration-museum-catalogue\/","title":{"rendered":"THE BUCHENWALD BOYS: A STORY OF SURVIVAL \u2013 Immigration Museum (Catalogue)"},"content":{"rendered":"<p>THE BUCHENWALD BOYS: A STORY OF SURVIVAL \u2013 Immigration Museum (Catalogue)<\/p>\n<p>Research &amp; Writing: Anita Fryman<\/p>\n<p>Ano de edi\u00e7\u00e3o: 2005<\/p>\n<p>Editor: Immigration Museum, Melbourne<\/p>\n<p>Idioma: Ingl\u00eas<\/p>\n<p>Dimens\u00f5es: 21 x o.2 x 29.5cm<\/p>\n<p>Encaderna\u00e7\u00e3o: Capa mole<\/p>\n<p>P\u00e1ginas: 16<\/p>\n","protected":false},"excerpt":{"rendered":"<p>THE BUCHENWALD BOYS: A STORY OF SURVIVAL \u2013 Immigration Museum (Catalogue) Research &amp; Writing: Anita Fryman Ano de edi\u00e7\u00e3o: 2005 Editor: Immigration Museum, Melbourne Idioma: Ingl\u00eas Dimens\u00f5es: 21 x o.2 x 29.5cm Encaderna\u00e7\u00e3o: Capa mole P\u00e1ginas: 16<\/p>\n","protected":false},"featured_media":3246,"comment_status":"open","ping_status":"closed","template":"","meta":{"om_disable_all_campaigns":false,"_monsterinsights_skip_tracking":false,"_monsterinsights_sitenote_active":false,"_monsterinsights_sitenote_note":"","_monsterinsights_sitenote_category":0,"_uf_show_specific_survey":0,"_uf_disable_surveys":false},"product_cat":[30,55],"product_tag":[],"aioseo_notices":[],"jetpack_sharing_enabled":true,"_links":{"self":[{"href":"https:\/\/casadolivreiro.pt\/index.php\/wp-json\/wp\/v2\/product\/3245"}],"collection":[{"href":"https:\/\/casadolivreiro.pt\/index.php\/wp-json\/wp\/v2\/product"}],"about":[{"href":"https:\/\/casadolivreiro.pt\/index.php\/wp-json\/wp\/v2\/types\/product"}],"replies":[{"embeddable":true,"href":"https:\/\/casadolivreiro.pt\/index.php\/wp-json\/wp\/v2\/comments?post=3245"}],"wp:featuredmedia":[{"embeddable":true,"href":"https:\/\/casadolivreiro.pt\/index.php\/wp-json\/wp\/v2\/media\/3246"}],"wp:attachment":[{"href":"https:\/\/casadolivreiro.pt\/index.php\/wp-json\/wp\/v2\/media?parent=3245"}],"wp:term":[{"taxonomy":"product_cat","embeddable":true,"href":"https:\/\/casadolivreiro.pt\/index.php\/wp-json\/wp\/v2\/product_cat?post=3245"},{"taxonomy":"product_tag","embeddable":true,"href":"https:\/\/casadolivreiro.pt\/index.php\/wp-json\/wp\/v2\/product_tag?post=3245"}],"curies":[{"name":"wp","href":"https:\/\/api.w.org\/{rel}","templated":true}]}}