{"id":3231,"date":"2025-03-16T15:00:16","date_gmt":"2025-03-16T15:00:16","guid":{"rendered":"https:\/\/casadolivreiro.pt\/?post_type=product&#038;p=3231"},"modified":"2025-03-16T15:00:16","modified_gmt":"2025-03-16T15:00:16","slug":"diario-de-noticias-enciclopedia-volumes-1a-a-h-e-2-i-a-z","status":"publish","type":"product","link":"https:\/\/casadolivreiro.pt\/index.php\/product\/diario-de-noticias-enciclopedia-volumes-1a-a-h-e-2-i-a-z\/","title":{"rendered":"DI\u00c1RIO DE NOTICIAS ENCICLOP\u00c9DIA, Volumes 1(A a H) e 2 ( I a Z)"},"content":{"rendered":"<p>DI\u00c1RIO DE NOTICIAS ENCICLOP\u00c9DIA, Volumes 1(A a H) e 2 ( I a Z)<\/p>\n<p>Director Alexandre Manuel.<\/p>\n<p>Editor: Leonel Oliveira<\/p>\n<p>Ano de edi\u00e7\u00e3o: Dicion\u00e1rio Enciclop\u00e9dico publicado em 21 de Abril de 1996 e 14 de Setembro de 1997 em 75 fasc\u00edculos.<\/p>\n<p>Editor: Circulo de Leitores ( para Di\u00e1rio de Noticias)<\/p>\n<p>Idioma: Portugu\u00eas<\/p>\n<p>Dimens\u00f5es: 21 x 3.2 x 28.5cm<\/p>\n<p>Encaderna\u00e7\u00e3o: Capa dura<\/p>\n<p>P\u00e1ginas: 1836<\/p>\n","protected":false},"excerpt":{"rendered":"<p>DI\u00c1RIO DE NOTICIAS ENCICLOP\u00c9DIA, Volumes 1(A a H) e 2 ( I a Z) Director Alexandre Manuel. Editor: Leonel Oliveira Ano de edi\u00e7\u00e3o: Dicion\u00e1rio Enciclop\u00e9dico publicado em 21 de Abril de 1996 e 14 de Setembro de 1997 em 75 fasc\u00edculos. Editor: Circulo de Leitores ( para Di\u00e1rio de Noticias) Idioma: Portugu\u00eas Dimens\u00f5es: 21 x [&hellip;]<\/p>\n","protected":false},"featured_media":3232,"comment_status":"open","ping_status":"closed","template":"","meta":{"om_disable_all_campaigns":false,"_monsterinsights_skip_tracking":false,"_monsterinsights_sitenote_active":false,"_monsterinsights_sitenote_note":"","_monsterinsights_sitenote_category":0,"_uf_show_specific_survey":0,"_uf_disable_surveys":false},"product_cat":[46],"product_tag":[],"aioseo_notices":[],"jetpack_sharing_enabled":true,"_links":{"self":[{"href":"https:\/\/casadolivreiro.pt\/index.php\/wp-json\/wp\/v2\/product\/3231"}],"collection":[{"href":"https:\/\/casadolivreiro.pt\/index.php\/wp-json\/wp\/v2\/product"}],"about":[{"href":"https:\/\/casadolivreiro.pt\/index.php\/wp-json\/wp\/v2\/types\/product"}],"replies":[{"embeddable":true,"href":"https:\/\/casadolivreiro.pt\/index.php\/wp-json\/wp\/v2\/comments?post=3231"}],"wp:featuredmedia":[{"embeddable":true,"href":"https:\/\/casadolivreiro.pt\/index.php\/wp-json\/wp\/v2\/media\/3232"}],"wp:attachment":[{"href":"https:\/\/casadolivreiro.pt\/index.php\/wp-json\/wp\/v2\/media?parent=3231"}],"wp:term":[{"taxonomy":"product_cat","embeddable":true,"href":"https:\/\/casadolivreiro.pt\/index.php\/wp-json\/wp\/v2\/product_cat?post=3231"},{"taxonomy":"product_tag","embeddable":true,"href":"https:\/\/casadolivreiro.pt\/index.php\/wp-json\/wp\/v2\/product_tag?post=3231"}],"curies":[{"name":"wp","href":"https:\/\/api.w.org\/{rel}","templated":true}]}}