{"id":323,"date":"2024-03-09T16:37:10","date_gmt":"2024-03-09T16:37:10","guid":{"rendered":"https:\/\/casadolivreiro.pt\/?post_type=product&#038;p=323"},"modified":"2025-03-03T18:45:07","modified_gmt":"2025-03-03T18:45:07","slug":"vais-ter-de-sujar-as-maos-para-ficar-limpa-juno-dawson","status":"publish","type":"product","link":"https:\/\/casadolivreiro.pt\/index.php\/product\/vais-ter-de-sujar-as-maos-para-ficar-limpa-juno-dawson\/","title":{"rendered":"VAIS TER DE SUJAR AS M\u00c3OS PARA FICAR LIMPA &#8211; Juno Dawson"},"content":{"rendered":"<p>VAIS TER DE SUJAR AS M\u00c3OS PARA FICAR LIMPA<br \/>\nJuno Dawson<br \/>\nTradu\u00e7\u00e3o de Fernanda Semedo<br \/>\nISBN: 978-989-773-125-9<br \/>\nEditor: Sa\u00edda de Emerg\u00eancia<br \/>\nData de Lan\u00e7amento: 2018<br \/>\nIdioma:\u00a0 Portugu\u00eas<br \/>\nDimens\u00f5es: 16 x 2 x 23 cm<br \/>\nEncaderna\u00e7\u00e3o: Capa mole<br \/>\nP\u00e1ginas: 351<br \/>\nConsigo senti-lo a nadar nas minhas veias como purpurinas\u2026<\/p>\n<p>\u00c9 ouro l\u00edquido. Quando a socialite Lexi Volkov quase morre com uma overdose, pensa que bateu no fundo. Est\u00e1 enganada. A jovem bate no fundo quando \u00e9 obrigada a entrar para uma exclusiva cl\u00ednica de reabilita\u00e7\u00e3o. A partir da\u00ed as coisas s\u00f3 podem melhorar para Lexi e os companheiros de reclus\u00e3o, incluindo o misterioso Brady.<\/p>\n<p>\u00c0 medida que enfrenta os seus dem\u00f3nios, Lexi compreende que o amor \u00e9 a mais poderosa de todas as drogas\u2026 Mas o caminho para ficar limpa \u00e9 longo e sujo\u2026<\/p>\n","protected":false},"excerpt":{"rendered":"<p>VAIS TER DE SUJAR AS M\u00c3OS PARA FICAR LIMPA Juno Dawson Tradu\u00e7\u00e3o de Fernanda Semedo ISBN: 978-989-773-125-9 Editor: Sa\u00edda de Emerg\u00eancia Data de Lan\u00e7amento: 2018 Idioma:\u00a0 Portugu\u00eas Dimens\u00f5es: 16 x 2 x 23 cm Encaderna\u00e7\u00e3o: Capa mole P\u00e1ginas: 351 Consigo senti-lo a nadar nas minhas veias como purpurinas\u2026 \u00c9 ouro l\u00edquido. Quando a socialite Lexi [&hellip;]<\/p>\n","protected":false},"featured_media":2942,"comment_status":"open","ping_status":"closed","template":"","meta":{"om_disable_all_campaigns":false,"_monsterinsights_skip_tracking":false,"_monsterinsights_sitenote_active":false,"_monsterinsights_sitenote_note":"","_monsterinsights_sitenote_category":0,"_uf_show_specific_survey":0,"_uf_disable_surveys":false},"product_cat":[26,62,37],"product_tag":[],"aioseo_notices":[],"jetpack_sharing_enabled":true,"_links":{"self":[{"href":"https:\/\/casadolivreiro.pt\/index.php\/wp-json\/wp\/v2\/product\/323"}],"collection":[{"href":"https:\/\/casadolivreiro.pt\/index.php\/wp-json\/wp\/v2\/product"}],"about":[{"href":"https:\/\/casadolivreiro.pt\/index.php\/wp-json\/wp\/v2\/types\/product"}],"replies":[{"embeddable":true,"href":"https:\/\/casadolivreiro.pt\/index.php\/wp-json\/wp\/v2\/comments?post=323"}],"wp:featuredmedia":[{"embeddable":true,"href":"https:\/\/casadolivreiro.pt\/index.php\/wp-json\/wp\/v2\/media\/2942"}],"wp:attachment":[{"href":"https:\/\/casadolivreiro.pt\/index.php\/wp-json\/wp\/v2\/media?parent=323"}],"wp:term":[{"taxonomy":"product_cat","embeddable":true,"href":"https:\/\/casadolivreiro.pt\/index.php\/wp-json\/wp\/v2\/product_cat?post=323"},{"taxonomy":"product_tag","embeddable":true,"href":"https:\/\/casadolivreiro.pt\/index.php\/wp-json\/wp\/v2\/product_tag?post=323"}],"curies":[{"name":"wp","href":"https:\/\/api.w.org\/{rel}","templated":true}]}}