{"id":3220,"date":"2025-03-15T00:49:18","date_gmt":"2025-03-15T00:49:18","guid":{"rendered":"https:\/\/casadolivreiro.pt\/?post_type=product&#038;p=3220"},"modified":"2025-03-15T00:49:18","modified_gmt":"2025-03-15T00:49:18","slug":"grandes-datas-da-historia-universal-guy-arnold","status":"publish","type":"product","link":"https:\/\/casadolivreiro.pt\/index.php\/product\/grandes-datas-da-historia-universal-guy-arnold\/","title":{"rendered":"GRANDES DATAS DA HIST\u00d3RIA UNIVERSAL \u2013 Guy Arnold"},"content":{"rendered":"<p>GRANDES DATAS DA HIST\u00d3RIA UNIVERSAL \u2013 Guy Arnold<\/p>\n<p>Tradu\u00e7\u00e3o de Luzia Maria Martins<\/p>\n<p>Ano de edi\u00e7\u00e3o: 1985<\/p>\n<p>Editor: Verbo<\/p>\n<p>Idioma: Portugu\u00eas<\/p>\n<p>Dimens\u00f5es: 24.3 x 1.4 x 30.5cm<\/p>\n<p>Encaderna\u00e7\u00e3o: Capa dura<\/p>\n<p>P\u00e1ginas:93<\/p>\n","protected":false},"excerpt":{"rendered":"<p>GRANDES DATAS DA HIST\u00d3RIA UNIVERSAL \u2013 Guy Arnold Tradu\u00e7\u00e3o de Luzia Maria Martins Ano de edi\u00e7\u00e3o: 1985 Editor: Verbo Idioma: Portugu\u00eas Dimens\u00f5es: 24.3 x 1.4 x 30.5cm Encaderna\u00e7\u00e3o: Capa dura P\u00e1ginas:93<\/p>\n","protected":false},"featured_media":3221,"comment_status":"open","ping_status":"closed","template":"","meta":{"om_disable_all_campaigns":false,"_monsterinsights_skip_tracking":false,"_monsterinsights_sitenote_active":false,"_monsterinsights_sitenote_note":"","_monsterinsights_sitenote_category":0,"_uf_show_specific_survey":0,"_uf_disable_surveys":false},"product_cat":[31,46,30],"product_tag":[],"aioseo_notices":[],"jetpack_sharing_enabled":true,"_links":{"self":[{"href":"https:\/\/casadolivreiro.pt\/index.php\/wp-json\/wp\/v2\/product\/3220"}],"collection":[{"href":"https:\/\/casadolivreiro.pt\/index.php\/wp-json\/wp\/v2\/product"}],"about":[{"href":"https:\/\/casadolivreiro.pt\/index.php\/wp-json\/wp\/v2\/types\/product"}],"replies":[{"embeddable":true,"href":"https:\/\/casadolivreiro.pt\/index.php\/wp-json\/wp\/v2\/comments?post=3220"}],"wp:featuredmedia":[{"embeddable":true,"href":"https:\/\/casadolivreiro.pt\/index.php\/wp-json\/wp\/v2\/media\/3221"}],"wp:attachment":[{"href":"https:\/\/casadolivreiro.pt\/index.php\/wp-json\/wp\/v2\/media?parent=3220"}],"wp:term":[{"taxonomy":"product_cat","embeddable":true,"href":"https:\/\/casadolivreiro.pt\/index.php\/wp-json\/wp\/v2\/product_cat?post=3220"},{"taxonomy":"product_tag","embeddable":true,"href":"https:\/\/casadolivreiro.pt\/index.php\/wp-json\/wp\/v2\/product_tag?post=3220"}],"curies":[{"name":"wp","href":"https:\/\/api.w.org\/{rel}","templated":true}]}}