{"id":3218,"date":"2025-03-15T00:44:12","date_gmt":"2025-03-15T00:44:12","guid":{"rendered":"https:\/\/casadolivreiro.pt\/?post_type=product&#038;p=3218"},"modified":"2025-03-15T00:44:12","modified_gmt":"2025-03-15T00:44:12","slug":"historia-antonio-antao-acesso-ao-ensino-superior-2002-preparacao-para-a-prova-de-exame-nacional-12o-ano","status":"publish","type":"product","link":"https:\/\/casadolivreiro.pt\/index.php\/product\/historia-antonio-antao-acesso-ao-ensino-superior-2002-preparacao-para-a-prova-de-exame-nacional-12o-ano\/","title":{"rendered":"HIST\u00d3RIA \u2013 Ant\u00f3nio Ant\u00e3o Acesso ao Ensino Superior 2002, Prepara\u00e7\u00e3o para a Prova de Exame Nacional \u2013 12\u00ba ano"},"content":{"rendered":"<p>HIST\u00d3RIA \u2013 Ant\u00f3nio Ant\u00e3o<\/p>\n<p>Acesso ao Ensino Superior 2002, Prepara\u00e7\u00e3o para a Prova de Exame Nacional \u2013 12\u00ba ano<\/p>\n<p>Ano de edi\u00e7\u00e3o: 2001<\/p>\n<p>Editor: Porto Editora<\/p>\n<p>Idioma: Portugu\u00eas<\/p>\n<p>Dimens\u00f5es: 19.5 x 1.7 x 27cm<\/p>\n<p>Encaderna\u00e7\u00e3o: Capa mole<\/p>\n<p>P\u00e1ginas:400<\/p>\n","protected":false},"excerpt":{"rendered":"<p>HIST\u00d3RIA \u2013 Ant\u00f3nio Ant\u00e3o Acesso ao Ensino Superior 2002, Prepara\u00e7\u00e3o para a Prova de Exame Nacional \u2013 12\u00ba ano Ano de edi\u00e7\u00e3o: 2001 Editor: Porto Editora Idioma: Portugu\u00eas Dimens\u00f5es: 19.5 x 1.7 x 27cm Encaderna\u00e7\u00e3o: Capa mole P\u00e1ginas:400<\/p>\n","protected":false},"featured_media":3219,"comment_status":"open","ping_status":"closed","template":"","meta":{"om_disable_all_campaigns":false,"_monsterinsights_skip_tracking":false,"_monsterinsights_sitenote_active":false,"_monsterinsights_sitenote_note":"","_monsterinsights_sitenote_category":0,"_uf_show_specific_survey":0,"_uf_disable_surveys":false},"product_cat":[31,47,30],"product_tag":[],"aioseo_notices":[],"jetpack_sharing_enabled":true,"_links":{"self":[{"href":"https:\/\/casadolivreiro.pt\/index.php\/wp-json\/wp\/v2\/product\/3218"}],"collection":[{"href":"https:\/\/casadolivreiro.pt\/index.php\/wp-json\/wp\/v2\/product"}],"about":[{"href":"https:\/\/casadolivreiro.pt\/index.php\/wp-json\/wp\/v2\/types\/product"}],"replies":[{"embeddable":true,"href":"https:\/\/casadolivreiro.pt\/index.php\/wp-json\/wp\/v2\/comments?post=3218"}],"wp:featuredmedia":[{"embeddable":true,"href":"https:\/\/casadolivreiro.pt\/index.php\/wp-json\/wp\/v2\/media\/3219"}],"wp:attachment":[{"href":"https:\/\/casadolivreiro.pt\/index.php\/wp-json\/wp\/v2\/media?parent=3218"}],"wp:term":[{"taxonomy":"product_cat","embeddable":true,"href":"https:\/\/casadolivreiro.pt\/index.php\/wp-json\/wp\/v2\/product_cat?post=3218"},{"taxonomy":"product_tag","embeddable":true,"href":"https:\/\/casadolivreiro.pt\/index.php\/wp-json\/wp\/v2\/product_tag?post=3218"}],"curies":[{"name":"wp","href":"https:\/\/api.w.org\/{rel}","templated":true}]}}