{"id":3216,"date":"2025-03-15T00:37:38","date_gmt":"2025-03-15T00:37:38","guid":{"rendered":"https:\/\/casadolivreiro.pt\/?post_type=product&#038;p=3216"},"modified":"2025-03-15T00:37:38","modified_gmt":"2025-03-15T00:37:38","slug":"padre-antonio-vieira-1608-1697-o-imperador-da-lingua-portuguesa-jose-eduardo-franco","status":"publish","type":"product","link":"https:\/\/casadolivreiro.pt\/index.php\/product\/padre-antonio-vieira-1608-1697-o-imperador-da-lingua-portuguesa-jose-eduardo-franco\/","title":{"rendered":"PADRE ANT\u00d3NIO VIEIRA 1608-1697: O IMPERADOR DA L\u00cdNGUA PORTUGUESA \u2013 Jos\u00e9 Eduardo Franco"},"content":{"rendered":"<p>PADRE ANT\u00d3NIO VIEIRA 1608-1697: O IMPERADOR DA L\u00cdNGUA PORTUGUESA \u2013 Jos\u00e9 Eduardo Franco<\/p>\n<p>Ano de edi\u00e7\u00e3o: 2008<\/p>\n<p>Editor: Correio da Manh\u00e3<\/p>\n<p>Idioma: Portugu\u00eas<\/p>\n<p>Dimens\u00f5es: 21 x 1 x 29.6cm<\/p>\n<p>Encaderna\u00e7\u00e3o: Capa mole<\/p>\n<p>P\u00e1ginas:159<\/p>\n","protected":false},"excerpt":{"rendered":"<p>PADRE ANT\u00d3NIO VIEIRA 1608-1697: O IMPERADOR DA L\u00cdNGUA PORTUGUESA \u2013 Jos\u00e9 Eduardo Franco Ano de edi\u00e7\u00e3o: 2008 Editor: Correio da Manh\u00e3 Idioma: Portugu\u00eas Dimens\u00f5es: 21 x 1 x 29.6cm Encaderna\u00e7\u00e3o: Capa mole P\u00e1ginas:159<\/p>\n","protected":false},"featured_media":3217,"comment_status":"open","ping_status":"closed","template":"","meta":{"om_disable_all_campaigns":false,"_monsterinsights_skip_tracking":false,"_monsterinsights_sitenote_active":false,"_monsterinsights_sitenote_note":"","_monsterinsights_sitenote_category":0,"_uf_show_specific_survey":0,"_uf_disable_surveys":false},"product_cat":[28,47,30],"product_tag":[],"aioseo_notices":[],"jetpack_sharing_enabled":true,"_links":{"self":[{"href":"https:\/\/casadolivreiro.pt\/index.php\/wp-json\/wp\/v2\/product\/3216"}],"collection":[{"href":"https:\/\/casadolivreiro.pt\/index.php\/wp-json\/wp\/v2\/product"}],"about":[{"href":"https:\/\/casadolivreiro.pt\/index.php\/wp-json\/wp\/v2\/types\/product"}],"replies":[{"embeddable":true,"href":"https:\/\/casadolivreiro.pt\/index.php\/wp-json\/wp\/v2\/comments?post=3216"}],"wp:featuredmedia":[{"embeddable":true,"href":"https:\/\/casadolivreiro.pt\/index.php\/wp-json\/wp\/v2\/media\/3217"}],"wp:attachment":[{"href":"https:\/\/casadolivreiro.pt\/index.php\/wp-json\/wp\/v2\/media?parent=3216"}],"wp:term":[{"taxonomy":"product_cat","embeddable":true,"href":"https:\/\/casadolivreiro.pt\/index.php\/wp-json\/wp\/v2\/product_cat?post=3216"},{"taxonomy":"product_tag","embeddable":true,"href":"https:\/\/casadolivreiro.pt\/index.php\/wp-json\/wp\/v2\/product_tag?post=3216"}],"curies":[{"name":"wp","href":"https:\/\/api.w.org\/{rel}","templated":true}]}}