{"id":3214,"date":"2025-03-15T00:29:28","date_gmt":"2025-03-15T00:29:28","guid":{"rendered":"https:\/\/casadolivreiro.pt\/?post_type=product&#038;p=3214"},"modified":"2025-03-15T00:30:29","modified_gmt":"2025-03-15T00:30:29","slug":"os-ultimos-paraisos-do-homem-heinrich-harrer","status":"publish","type":"product","link":"https:\/\/casadolivreiro.pt\/index.php\/product\/os-ultimos-paraisos-do-homem-heinrich-harrer\/","title":{"rendered":"OS \u00daLTIMOS PARAISOS DO HOMEM \u2013 Heinrich Harrer"},"content":{"rendered":"<p>OS \u00daLTIMOS PARAISOS DO HOMEM \u2013 Heinrich Harrer<\/p>\n<p>Tradu\u00e7\u00e3o de Maria Augusta Fran\u00e7a e Silva<\/p>\n<p>Ano de edi\u00e7\u00e3o: 1977<\/p>\n<p>Editor: Circulo de Leitores<\/p>\n<p>Idioma: Portugu\u00eas<\/p>\n<p>Dimens\u00f5es: 22 x 2.4 x 30cm<\/p>\n<p>Encaderna\u00e7\u00e3o: Capa dura<\/p>\n<p>P\u00e1ginas:237<\/p>\n","protected":false},"excerpt":{"rendered":"<p>OS \u00daLTIMOS PARAISOS DO HOMEM \u2013 Heinrich Harrer Tradu\u00e7\u00e3o de Maria Augusta Fran\u00e7a e Silva Ano de edi\u00e7\u00e3o: 1977 Editor: Circulo de Leitores Idioma: Portugu\u00eas Dimens\u00f5es: 22 x 2.4 x 30cm Encaderna\u00e7\u00e3o: Capa dura P\u00e1ginas:237<\/p>\n","protected":false},"featured_media":3215,"comment_status":"open","ping_status":"closed","template":"","meta":{"om_disable_all_campaigns":false,"_monsterinsights_skip_tracking":false,"_monsterinsights_sitenote_active":false,"_monsterinsights_sitenote_note":"","_monsterinsights_sitenote_category":0,"_uf_show_specific_survey":0,"_uf_disable_surveys":false},"product_cat":[31,46,50],"product_tag":[],"aioseo_notices":[],"jetpack_sharing_enabled":true,"_links":{"self":[{"href":"https:\/\/casadolivreiro.pt\/index.php\/wp-json\/wp\/v2\/product\/3214"}],"collection":[{"href":"https:\/\/casadolivreiro.pt\/index.php\/wp-json\/wp\/v2\/product"}],"about":[{"href":"https:\/\/casadolivreiro.pt\/index.php\/wp-json\/wp\/v2\/types\/product"}],"replies":[{"embeddable":true,"href":"https:\/\/casadolivreiro.pt\/index.php\/wp-json\/wp\/v2\/comments?post=3214"}],"wp:featuredmedia":[{"embeddable":true,"href":"https:\/\/casadolivreiro.pt\/index.php\/wp-json\/wp\/v2\/media\/3215"}],"wp:attachment":[{"href":"https:\/\/casadolivreiro.pt\/index.php\/wp-json\/wp\/v2\/media?parent=3214"}],"wp:term":[{"taxonomy":"product_cat","embeddable":true,"href":"https:\/\/casadolivreiro.pt\/index.php\/wp-json\/wp\/v2\/product_cat?post=3214"},{"taxonomy":"product_tag","embeddable":true,"href":"https:\/\/casadolivreiro.pt\/index.php\/wp-json\/wp\/v2\/product_tag?post=3214"}],"curies":[{"name":"wp","href":"https:\/\/api.w.org\/{rel}","templated":true}]}}