{"id":3207,"date":"2025-03-15T00:12:24","date_gmt":"2025-03-15T00:12:24","guid":{"rendered":"https:\/\/casadolivreiro.pt\/?post_type=product&#038;p=3207"},"modified":"2025-03-15T00:12:25","modified_gmt":"2025-03-15T00:12:25","slug":"geografia-universal-volume-7-asia-resomnia-editores","status":"publish","type":"product","link":"https:\/\/casadolivreiro.pt\/index.php\/product\/geografia-universal-volume-7-asia-resomnia-editores\/","title":{"rendered":"GEOGRAFIA UNIVERSAL, Volume 7, ASIA \u2013 Resomnia Editores"},"content":{"rendered":"<p>GEOGRAFIA UNIVERSAL, Volume 7, ASIA \u2013 Resomnia Editores<\/p>\n<p>Tradu\u00e7\u00e3o de Alexandre Reis, Carlos Oliveira<\/p>\n<p>Ano de edi\u00e7\u00e3o: 1991<\/p>\n<p>Editor: Resomnia Editores<\/p>\n<p>Idioma: Portugu\u00eas<\/p>\n<p>Dimens\u00f5es: 22.5 x 3.3 x 29.8cm<\/p>\n<p>Encaderna\u00e7\u00e3o: Capa dura<\/p>\n<p>P\u00e1ginas:356<\/p>\n","protected":false},"excerpt":{"rendered":"<p>GEOGRAFIA UNIVERSAL, Volume 7, ASIA \u2013 Resomnia Editores Tradu\u00e7\u00e3o de Alexandre Reis, Carlos Oliveira Ano de edi\u00e7\u00e3o: 1991 Editor: Resomnia Editores Idioma: Portugu\u00eas Dimens\u00f5es: 22.5 x 3.3 x 29.8cm Encaderna\u00e7\u00e3o: Capa dura P\u00e1ginas:356<\/p>\n","protected":false},"featured_media":3208,"comment_status":"open","ping_status":"closed","template":"","meta":{"om_disable_all_campaigns":false,"_monsterinsights_skip_tracking":false,"_monsterinsights_sitenote_active":false,"_monsterinsights_sitenote_note":"","_monsterinsights_sitenote_category":0,"_uf_show_specific_survey":0,"_uf_disable_surveys":false},"product_cat":[31,46],"product_tag":[],"aioseo_notices":[],"jetpack_sharing_enabled":true,"_links":{"self":[{"href":"https:\/\/casadolivreiro.pt\/index.php\/wp-json\/wp\/v2\/product\/3207"}],"collection":[{"href":"https:\/\/casadolivreiro.pt\/index.php\/wp-json\/wp\/v2\/product"}],"about":[{"href":"https:\/\/casadolivreiro.pt\/index.php\/wp-json\/wp\/v2\/types\/product"}],"replies":[{"embeddable":true,"href":"https:\/\/casadolivreiro.pt\/index.php\/wp-json\/wp\/v2\/comments?post=3207"}],"wp:featuredmedia":[{"embeddable":true,"href":"https:\/\/casadolivreiro.pt\/index.php\/wp-json\/wp\/v2\/media\/3208"}],"wp:attachment":[{"href":"https:\/\/casadolivreiro.pt\/index.php\/wp-json\/wp\/v2\/media?parent=3207"}],"wp:term":[{"taxonomy":"product_cat","embeddable":true,"href":"https:\/\/casadolivreiro.pt\/index.php\/wp-json\/wp\/v2\/product_cat?post=3207"},{"taxonomy":"product_tag","embeddable":true,"href":"https:\/\/casadolivreiro.pt\/index.php\/wp-json\/wp\/v2\/product_tag?post=3207"}],"curies":[{"name":"wp","href":"https:\/\/api.w.org\/{rel}","templated":true}]}}