{"id":3205,"date":"2025-03-14T23:57:48","date_gmt":"2025-03-14T23:57:48","guid":{"rendered":"https:\/\/casadolivreiro.pt\/?post_type=product&#038;p=3205"},"modified":"2025-03-14T23:57:48","modified_gmt":"2025-03-14T23:57:48","slug":"a-segunda-guerra-mundial-volume-2-martin-gilbert","status":"publish","type":"product","link":"https:\/\/casadolivreiro.pt\/index.php\/product\/a-segunda-guerra-mundial-volume-2-martin-gilbert\/","title":{"rendered":"A SEGUNDA GUERRA MUNDIAL, Volume 2 \u2013 Martin Gilbert"},"content":{"rendered":"<p>A SEGUNDA GUERRA MUNDIAL, Volume 2 \u2013 Martin Gilbert<\/p>\n<p>Tradu\u00e7\u00e3o de Ana Luisa Faria, Miguel Serras Pereira<\/p>\n<p>Ano de edi\u00e7\u00e3o: 2015<\/p>\n<p>Editor: Dom Quixote ( para o Expresso)<\/p>\n<p>Idioma: Portugu\u00eas<\/p>\n<p>Dimens\u00f5es: 13.5 x 0.8 x 19cm<\/p>\n<p>Encaderna\u00e7\u00e3o: Capa mole<\/p>\n<p>P\u00e1ginas:165<\/p>\n","protected":false},"excerpt":{"rendered":"<p>A SEGUNDA GUERRA MUNDIAL, Volume 2 \u2013 Martin Gilbert Tradu\u00e7\u00e3o de Ana Luisa Faria, Miguel Serras Pereira Ano de edi\u00e7\u00e3o: 2015 Editor: Dom Quixote ( para o Expresso) Idioma: Portugu\u00eas Dimens\u00f5es: 13.5 x 0.8 x 19cm Encaderna\u00e7\u00e3o: Capa mole P\u00e1ginas:165<\/p>\n","protected":false},"featured_media":3206,"comment_status":"open","ping_status":"closed","template":"","meta":{"om_disable_all_campaigns":false,"_monsterinsights_skip_tracking":false,"_monsterinsights_sitenote_active":false,"_monsterinsights_sitenote_note":"","_monsterinsights_sitenote_category":0,"_uf_show_specific_survey":0,"_uf_disable_surveys":false},"product_cat":[30],"product_tag":[],"aioseo_notices":[],"jetpack_sharing_enabled":true,"_links":{"self":[{"href":"https:\/\/casadolivreiro.pt\/index.php\/wp-json\/wp\/v2\/product\/3205"}],"collection":[{"href":"https:\/\/casadolivreiro.pt\/index.php\/wp-json\/wp\/v2\/product"}],"about":[{"href":"https:\/\/casadolivreiro.pt\/index.php\/wp-json\/wp\/v2\/types\/product"}],"replies":[{"embeddable":true,"href":"https:\/\/casadolivreiro.pt\/index.php\/wp-json\/wp\/v2\/comments?post=3205"}],"wp:featuredmedia":[{"embeddable":true,"href":"https:\/\/casadolivreiro.pt\/index.php\/wp-json\/wp\/v2\/media\/3206"}],"wp:attachment":[{"href":"https:\/\/casadolivreiro.pt\/index.php\/wp-json\/wp\/v2\/media?parent=3205"}],"wp:term":[{"taxonomy":"product_cat","embeddable":true,"href":"https:\/\/casadolivreiro.pt\/index.php\/wp-json\/wp\/v2\/product_cat?post=3205"},{"taxonomy":"product_tag","embeddable":true,"href":"https:\/\/casadolivreiro.pt\/index.php\/wp-json\/wp\/v2\/product_tag?post=3205"}],"curies":[{"name":"wp","href":"https:\/\/api.w.org\/{rel}","templated":true}]}}