{"id":3198,"date":"2025-03-14T23:46:19","date_gmt":"2025-03-14T23:46:19","guid":{"rendered":"https:\/\/casadolivreiro.pt\/?post_type=product&#038;p=3198"},"modified":"2025-03-14T23:46:19","modified_gmt":"2025-03-14T23:46:19","slug":"o-transporte-e-o-comercio-maritimo-beatriz-mendes","status":"publish","type":"product","link":"https:\/\/casadolivreiro.pt\/index.php\/product\/o-transporte-e-o-comercio-maritimo-beatriz-mendes\/","title":{"rendered":"O TRANSPORTE E O COM\u00c9RCIO MAR\u00cdTIMO \u2013 Beatriz Mendes"},"content":{"rendered":"<p>O TRANSPORTE E O COM\u00c9RCIO MAR\u00cdTIMO \u2013 Beatriz Mendes<\/p>\n<p>Colec\u00e7\u00e3o: Hist\u00f3ria, antecedentes, sucessos e fracassos passados do com\u00e9rcio e ind\u00fastria portuguesa<\/p>\n<p>Ano de edi\u00e7\u00e3o: 1973<\/p>\n<p>Editor: Cindusta, Lisboa<\/p>\n<p>Idioma: Portugu\u00eas<\/p>\n<p>Dimens\u00f5es: 14.8 x 0.4 x 20.8cm<\/p>\n<p>Encaderna\u00e7\u00e3o: Capa mole<\/p>\n<p>P\u00e1ginas: 50<\/p>\n","protected":false},"excerpt":{"rendered":"<p>O TRANSPORTE E O COM\u00c9RCIO MAR\u00cdTIMO \u2013 Beatriz Mendes Colec\u00e7\u00e3o: Hist\u00f3ria, antecedentes, sucessos e fracassos passados do com\u00e9rcio e ind\u00fastria portuguesa Ano de edi\u00e7\u00e3o: 1973 Editor: Cindusta, Lisboa Idioma: Portugu\u00eas Dimens\u00f5es: 14.8 x 0.4 x 20.8cm Encaderna\u00e7\u00e3o: Capa mole P\u00e1ginas: 50<\/p>\n","protected":false},"featured_media":3199,"comment_status":"open","ping_status":"closed","template":"","meta":{"om_disable_all_campaigns":false,"_monsterinsights_skip_tracking":false,"_monsterinsights_sitenote_active":false,"_monsterinsights_sitenote_note":"","_monsterinsights_sitenote_category":0,"_uf_show_specific_survey":0,"_uf_disable_surveys":false},"product_cat":[41,47],"product_tag":[],"aioseo_notices":[],"jetpack_sharing_enabled":true,"_links":{"self":[{"href":"https:\/\/casadolivreiro.pt\/index.php\/wp-json\/wp\/v2\/product\/3198"}],"collection":[{"href":"https:\/\/casadolivreiro.pt\/index.php\/wp-json\/wp\/v2\/product"}],"about":[{"href":"https:\/\/casadolivreiro.pt\/index.php\/wp-json\/wp\/v2\/types\/product"}],"replies":[{"embeddable":true,"href":"https:\/\/casadolivreiro.pt\/index.php\/wp-json\/wp\/v2\/comments?post=3198"}],"wp:featuredmedia":[{"embeddable":true,"href":"https:\/\/casadolivreiro.pt\/index.php\/wp-json\/wp\/v2\/media\/3199"}],"wp:attachment":[{"href":"https:\/\/casadolivreiro.pt\/index.php\/wp-json\/wp\/v2\/media?parent=3198"}],"wp:term":[{"taxonomy":"product_cat","embeddable":true,"href":"https:\/\/casadolivreiro.pt\/index.php\/wp-json\/wp\/v2\/product_cat?post=3198"},{"taxonomy":"product_tag","embeddable":true,"href":"https:\/\/casadolivreiro.pt\/index.php\/wp-json\/wp\/v2\/product_tag?post=3198"}],"curies":[{"name":"wp","href":"https:\/\/api.w.org\/{rel}","templated":true}]}}