{"id":3196,"date":"2025-03-14T23:37:28","date_gmt":"2025-03-14T23:37:28","guid":{"rendered":"https:\/\/casadolivreiro.pt\/?post_type=product&#038;p=3196"},"modified":"2025-03-14T23:37:28","modified_gmt":"2025-03-14T23:37:28","slug":"introducao-a-historia-louis-halphen","status":"publish","type":"product","link":"https:\/\/casadolivreiro.pt\/index.php\/product\/introducao-a-historia-louis-halphen\/","title":{"rendered":"INTRODU\u00c7\u00c3O \u00c0 HIST\u00d3RIA \u2013 Louis Halphen"},"content":{"rendered":"<p>INTRODU\u00c7\u00c3O \u00c0 HIST\u00d3RIA \u2013 Louis Halphen<\/p>\n<p>Colec\u00e7\u00e3o: Ensaios #1<\/p>\n<p>Tradu\u00e7\u00e3o de Jos\u00e9 Sarmento<\/p>\n<p>Ano de edi\u00e7\u00e3o: 1961<\/p>\n<p>Editor: Livraria Almedina, Coimbra<\/p>\n<p>Idioma: Portugu\u00eas<\/p>\n<p>Dimens\u00f5es: 14 x 1.1 x 19.5cm<\/p>\n<p>Encaderna\u00e7\u00e3o: Capa mole<\/p>\n<p>P\u00e1ginas:117<\/p>\n","protected":false},"excerpt":{"rendered":"<p>INTRODU\u00c7\u00c3O \u00c0 HIST\u00d3RIA \u2013 Louis Halphen Colec\u00e7\u00e3o: Ensaios #1 Tradu\u00e7\u00e3o de Jos\u00e9 Sarmento Ano de edi\u00e7\u00e3o: 1961 Editor: Livraria Almedina, Coimbra Idioma: Portugu\u00eas Dimens\u00f5es: 14 x 1.1 x 19.5cm Encaderna\u00e7\u00e3o: Capa mole P\u00e1ginas:117<\/p>\n","protected":false},"featured_media":3197,"comment_status":"open","ping_status":"closed","template":"","meta":{"om_disable_all_campaigns":false,"_monsterinsights_skip_tracking":false,"_monsterinsights_sitenote_active":false,"_monsterinsights_sitenote_note":"","_monsterinsights_sitenote_category":0,"_uf_show_specific_survey":0,"_uf_disable_surveys":false},"product_cat":[47,30,59,62],"product_tag":[],"aioseo_notices":[],"jetpack_sharing_enabled":true,"_links":{"self":[{"href":"https:\/\/casadolivreiro.pt\/index.php\/wp-json\/wp\/v2\/product\/3196"}],"collection":[{"href":"https:\/\/casadolivreiro.pt\/index.php\/wp-json\/wp\/v2\/product"}],"about":[{"href":"https:\/\/casadolivreiro.pt\/index.php\/wp-json\/wp\/v2\/types\/product"}],"replies":[{"embeddable":true,"href":"https:\/\/casadolivreiro.pt\/index.php\/wp-json\/wp\/v2\/comments?post=3196"}],"wp:featuredmedia":[{"embeddable":true,"href":"https:\/\/casadolivreiro.pt\/index.php\/wp-json\/wp\/v2\/media\/3197"}],"wp:attachment":[{"href":"https:\/\/casadolivreiro.pt\/index.php\/wp-json\/wp\/v2\/media?parent=3196"}],"wp:term":[{"taxonomy":"product_cat","embeddable":true,"href":"https:\/\/casadolivreiro.pt\/index.php\/wp-json\/wp\/v2\/product_cat?post=3196"},{"taxonomy":"product_tag","embeddable":true,"href":"https:\/\/casadolivreiro.pt\/index.php\/wp-json\/wp\/v2\/product_tag?post=3196"}],"curies":[{"name":"wp","href":"https:\/\/api.w.org\/{rel}","templated":true}]}}