{"id":319,"date":"2024-03-09T16:29:35","date_gmt":"2024-03-09T16:29:35","guid":{"rendered":"https:\/\/casadolivreiro.pt\/?post_type=product&#038;p=319"},"modified":"2024-03-09T16:29:35","modified_gmt":"2024-03-09T16:29:35","slug":"paulo-e-virginia-bernardin-de-saint-pierre","status":"publish","type":"product","link":"https:\/\/casadolivreiro.pt\/index.php\/product\/paulo-e-virginia-bernardin-de-saint-pierre\/","title":{"rendered":"PAULO E VIRGINIA &#8211; Bernardin de Saint-Pierre"},"content":{"rendered":"<p>PAULO E VIRGINIA<br \/>\nBernardin de Saint-Pierre<br \/>\nEditor: Publica\u00e7\u00f5es Europa-America<br \/>\nData de Lan\u00e7amento: 1976<br \/>\nIdioma:\u00a0 Portugu\u00eas<br \/>\nDimens\u00f5es: 15 x 1.9 x 20.7 cm<br \/>\nEncaderna\u00e7\u00e3o: Capa dura<br \/>\nP\u00e1ginas:\u00a0 185<\/p>\n","protected":false},"excerpt":{"rendered":"<p>PAULO E VIRGINIA Bernardin de Saint-Pierre Editor: Publica\u00e7\u00f5es Europa-America Data de Lan\u00e7amento: 1976 Idioma:\u00a0 Portugu\u00eas Dimens\u00f5es: 15 x 1.9 x 20.7 cm Encaderna\u00e7\u00e3o: Capa dura P\u00e1ginas:\u00a0 185<\/p>\n","protected":false},"featured_media":320,"comment_status":"open","ping_status":"closed","template":"","meta":{"om_disable_all_campaigns":false,"_monsterinsights_skip_tracking":false,"_monsterinsights_sitenote_active":false,"_monsterinsights_sitenote_note":"","_monsterinsights_sitenote_category":0,"_uf_show_specific_survey":0,"_uf_disable_surveys":false},"product_cat":[26,62,37],"product_tag":[],"aioseo_notices":[],"jetpack_sharing_enabled":true,"_links":{"self":[{"href":"https:\/\/casadolivreiro.pt\/index.php\/wp-json\/wp\/v2\/product\/319"}],"collection":[{"href":"https:\/\/casadolivreiro.pt\/index.php\/wp-json\/wp\/v2\/product"}],"about":[{"href":"https:\/\/casadolivreiro.pt\/index.php\/wp-json\/wp\/v2\/types\/product"}],"replies":[{"embeddable":true,"href":"https:\/\/casadolivreiro.pt\/index.php\/wp-json\/wp\/v2\/comments?post=319"}],"wp:featuredmedia":[{"embeddable":true,"href":"https:\/\/casadolivreiro.pt\/index.php\/wp-json\/wp\/v2\/media\/320"}],"wp:attachment":[{"href":"https:\/\/casadolivreiro.pt\/index.php\/wp-json\/wp\/v2\/media?parent=319"}],"wp:term":[{"taxonomy":"product_cat","embeddable":true,"href":"https:\/\/casadolivreiro.pt\/index.php\/wp-json\/wp\/v2\/product_cat?post=319"},{"taxonomy":"product_tag","embeddable":true,"href":"https:\/\/casadolivreiro.pt\/index.php\/wp-json\/wp\/v2\/product_tag?post=319"}],"curies":[{"name":"wp","href":"https:\/\/api.w.org\/{rel}","templated":true}]}}