{"id":3186,"date":"2025-03-14T23:19:39","date_gmt":"2025-03-14T23:19:39","guid":{"rendered":"https:\/\/casadolivreiro.pt\/?post_type=product&#038;p=3186"},"modified":"2025-03-14T23:23:13","modified_gmt":"2025-03-14T23:23:13","slug":"cronologia-enciclopedica-do-mundo-moderno-vol-9-1985-1989-neville-williams","status":"publish","type":"product","link":"https:\/\/casadolivreiro.pt\/index.php\/product\/cronologia-enciclopedica-do-mundo-moderno-vol-9-1985-1989-neville-williams\/","title":{"rendered":"CRONOLOGIA ENCICLOP\u00c9DICA DO MUNDO MODERNO, Vol 9, 1985-1989 \u2013 Neville Williams"},"content":{"rendered":"<p>CRONOLOGIA ENCICLOP\u00c9DICA DO MUNDO MODERNO, Vol 9, 1985-1989 \u2013 Neville Williams<\/p>\n<p>Tradu\u00e7\u00e3o de Ant\u00f3nio Carreto Fidalgo<\/p>\n<p>Ano de edi\u00e7\u00e3o: 1990<\/p>\n<p>Editor: Circulo de Leitores<\/p>\n<p>Idioma: Portugu\u00eas<\/p>\n<p>Dimens\u00f5es: 11.4 x 1 x 17.8cm<\/p>\n<p>Encaderna\u00e7\u00e3o: Capa mole<\/p>\n<p>P\u00e1ginas:127<\/p>\n","protected":false},"excerpt":{"rendered":"<p>CRONOLOGIA ENCICLOP\u00c9DICA DO MUNDO MODERNO, Vol 9, 1985-1989 \u2013 Neville Williams Tradu\u00e7\u00e3o de Ant\u00f3nio Carreto Fidalgo Ano de edi\u00e7\u00e3o: 1990 Editor: Circulo de Leitores Idioma: Portugu\u00eas Dimens\u00f5es: 11.4 x 1 x 17.8cm Encaderna\u00e7\u00e3o: Capa mole P\u00e1ginas:127<\/p>\n","protected":false},"featured_media":3189,"comment_status":"open","ping_status":"closed","template":"","meta":{"om_disable_all_campaigns":false,"_monsterinsights_skip_tracking":false,"_monsterinsights_sitenote_active":false,"_monsterinsights_sitenote_note":"","_monsterinsights_sitenote_category":0,"_uf_show_specific_survey":0,"_uf_disable_surveys":false},"product_cat":[46,47,30],"product_tag":[],"aioseo_notices":[],"jetpack_sharing_enabled":true,"_links":{"self":[{"href":"https:\/\/casadolivreiro.pt\/index.php\/wp-json\/wp\/v2\/product\/3186"}],"collection":[{"href":"https:\/\/casadolivreiro.pt\/index.php\/wp-json\/wp\/v2\/product"}],"about":[{"href":"https:\/\/casadolivreiro.pt\/index.php\/wp-json\/wp\/v2\/types\/product"}],"replies":[{"embeddable":true,"href":"https:\/\/casadolivreiro.pt\/index.php\/wp-json\/wp\/v2\/comments?post=3186"}],"wp:featuredmedia":[{"embeddable":true,"href":"https:\/\/casadolivreiro.pt\/index.php\/wp-json\/wp\/v2\/media\/3189"}],"wp:attachment":[{"href":"https:\/\/casadolivreiro.pt\/index.php\/wp-json\/wp\/v2\/media?parent=3186"}],"wp:term":[{"taxonomy":"product_cat","embeddable":true,"href":"https:\/\/casadolivreiro.pt\/index.php\/wp-json\/wp\/v2\/product_cat?post=3186"},{"taxonomy":"product_tag","embeddable":true,"href":"https:\/\/casadolivreiro.pt\/index.php\/wp-json\/wp\/v2\/product_tag?post=3186"}],"curies":[{"name":"wp","href":"https:\/\/api.w.org\/{rel}","templated":true}]}}