{"id":3178,"date":"2025-03-14T20:32:58","date_gmt":"2025-03-14T20:32:58","guid":{"rendered":"https:\/\/casadolivreiro.pt\/?post_type=product&#038;p=3178"},"modified":"2025-03-14T20:32:58","modified_gmt":"2025-03-14T20:32:58","slug":"apologia-pro-vita-sua-cardeal-newman","status":"publish","type":"product","link":"https:\/\/casadolivreiro.pt\/index.php\/product\/apologia-pro-vita-sua-cardeal-newman\/","title":{"rendered":"APOLOGIA PRO VITA SUA \u2013 Cardeal Newman"},"content":{"rendered":"<p>APOLOGIA PRO VITA SUA \u2013 Cardeal Newman<\/p>\n<p>Tradu\u00e7\u00e3o de Manuela Pra\u00e7a<\/p>\n<p>Ano de edi\u00e7\u00e3o: 1974<\/p>\n<p>Editor: Editorial Verbo<\/p>\n<p>Idioma: Portugu\u00eas<\/p>\n<p>Dimens\u00f5es: 15 x 3 x 20cm<\/p>\n<p>Encaderna\u00e7\u00e3o: Capa mole<\/p>\n<p>P\u00e1ginas: 379<\/p>\n","protected":false},"excerpt":{"rendered":"<p>APOLOGIA PRO VITA SUA \u2013 Cardeal Newman Tradu\u00e7\u00e3o de Manuela Pra\u00e7a Ano de edi\u00e7\u00e3o: 1974 Editor: Editorial Verbo Idioma: Portugu\u00eas Dimens\u00f5es: 15 x 3 x 20cm Encaderna\u00e7\u00e3o: Capa mole P\u00e1ginas: 379<\/p>\n","protected":false},"featured_media":3179,"comment_status":"open","ping_status":"closed","template":"","meta":{"om_disable_all_campaigns":false,"_monsterinsights_skip_tracking":false,"_monsterinsights_sitenote_active":false,"_monsterinsights_sitenote_note":"","_monsterinsights_sitenote_category":0,"_uf_show_specific_survey":0,"_uf_disable_surveys":false},"product_cat":[33,30,36],"product_tag":[],"aioseo_notices":[],"jetpack_sharing_enabled":true,"_links":{"self":[{"href":"https:\/\/casadolivreiro.pt\/index.php\/wp-json\/wp\/v2\/product\/3178"}],"collection":[{"href":"https:\/\/casadolivreiro.pt\/index.php\/wp-json\/wp\/v2\/product"}],"about":[{"href":"https:\/\/casadolivreiro.pt\/index.php\/wp-json\/wp\/v2\/types\/product"}],"replies":[{"embeddable":true,"href":"https:\/\/casadolivreiro.pt\/index.php\/wp-json\/wp\/v2\/comments?post=3178"}],"wp:featuredmedia":[{"embeddable":true,"href":"https:\/\/casadolivreiro.pt\/index.php\/wp-json\/wp\/v2\/media\/3179"}],"wp:attachment":[{"href":"https:\/\/casadolivreiro.pt\/index.php\/wp-json\/wp\/v2\/media?parent=3178"}],"wp:term":[{"taxonomy":"product_cat","embeddable":true,"href":"https:\/\/casadolivreiro.pt\/index.php\/wp-json\/wp\/v2\/product_cat?post=3178"},{"taxonomy":"product_tag","embeddable":true,"href":"https:\/\/casadolivreiro.pt\/index.php\/wp-json\/wp\/v2\/product_tag?post=3178"}],"curies":[{"name":"wp","href":"https:\/\/api.w.org\/{rel}","templated":true}]}}