{"id":3171,"date":"2025-03-14T19:54:46","date_gmt":"2025-03-14T19:54:46","guid":{"rendered":"https:\/\/casadolivreiro.pt\/?post_type=product&#038;p=3171"},"modified":"2025-03-14T19:54:46","modified_gmt":"2025-03-14T19:54:46","slug":"a-concise-history-of-portugal-david-birmingham","status":"publish","type":"product","link":"https:\/\/casadolivreiro.pt\/index.php\/product\/a-concise-history-of-portugal-david-birmingham\/","title":{"rendered":"A CONCISE HISTORY OF PORTUGAL \u2013 David Birmingham"},"content":{"rendered":"<p>A CONCISE HISTORY OF PORTUGAL \u2013 David Birmingham<\/p>\n<p>Ano de edi\u00e7\u00e3o: 2003\u00a0 ( 2\u00aa edi\u00e7\u00e3o)<\/p>\n<p>Editor: Cambridge University Press<\/p>\n<p>Idioma: Ingl\u00eas<\/p>\n<p>Dimens\u00f5es: 13.7 x 1.5 x 21.5cm<\/p>\n<p>Encaderna\u00e7\u00e3o: Capa mole<\/p>\n<p>P\u00e1ginas: 225<\/p>\n","protected":false},"excerpt":{"rendered":"<p>A CONCISE HISTORY OF PORTUGAL \u2013 David Birmingham Ano de edi\u00e7\u00e3o: 2003\u00a0 ( 2\u00aa edi\u00e7\u00e3o) Editor: Cambridge University Press Idioma: Ingl\u00eas Dimens\u00f5es: 13.7 x 1.5 x 21.5cm Encaderna\u00e7\u00e3o: Capa mole P\u00e1ginas: 225<\/p>\n","protected":false},"featured_media":3172,"comment_status":"open","ping_status":"closed","template":"","meta":{"om_disable_all_campaigns":false,"_monsterinsights_skip_tracking":false,"_monsterinsights_sitenote_active":false,"_monsterinsights_sitenote_note":"","_monsterinsights_sitenote_category":0,"_uf_show_specific_survey":0,"_uf_disable_surveys":false},"product_cat":[30,55],"product_tag":[],"aioseo_notices":[],"jetpack_sharing_enabled":true,"_links":{"self":[{"href":"https:\/\/casadolivreiro.pt\/index.php\/wp-json\/wp\/v2\/product\/3171"}],"collection":[{"href":"https:\/\/casadolivreiro.pt\/index.php\/wp-json\/wp\/v2\/product"}],"about":[{"href":"https:\/\/casadolivreiro.pt\/index.php\/wp-json\/wp\/v2\/types\/product"}],"replies":[{"embeddable":true,"href":"https:\/\/casadolivreiro.pt\/index.php\/wp-json\/wp\/v2\/comments?post=3171"}],"wp:featuredmedia":[{"embeddable":true,"href":"https:\/\/casadolivreiro.pt\/index.php\/wp-json\/wp\/v2\/media\/3172"}],"wp:attachment":[{"href":"https:\/\/casadolivreiro.pt\/index.php\/wp-json\/wp\/v2\/media?parent=3171"}],"wp:term":[{"taxonomy":"product_cat","embeddable":true,"href":"https:\/\/casadolivreiro.pt\/index.php\/wp-json\/wp\/v2\/product_cat?post=3171"},{"taxonomy":"product_tag","embeddable":true,"href":"https:\/\/casadolivreiro.pt\/index.php\/wp-json\/wp\/v2\/product_tag?post=3171"}],"curies":[{"name":"wp","href":"https:\/\/api.w.org\/{rel}","templated":true}]}}