{"id":317,"date":"2024-03-09T15:18:51","date_gmt":"2024-03-09T15:18:51","guid":{"rendered":"https:\/\/casadolivreiro.pt\/?post_type=product&#038;p=317"},"modified":"2024-03-09T15:33:25","modified_gmt":"2024-03-09T15:33:25","slug":"el-alquimista-paulo-coelho","status":"publish","type":"product","link":"https:\/\/casadolivreiro.pt\/index.php\/product\/el-alquimista-paulo-coelho\/","title":{"rendered":"EL ALQUIMISTA &#8211; Paulo Coelho"},"content":{"rendered":"<p>EL ALQUIMISTA<br \/>\nPaulo Coelho<br \/>\nISBN: 84-7720-144-7<br \/>\nEditor: Ediciones Obelisco, S.L. Barcelona<br \/>\nData de Lan\u00e7amento: 1995<br \/>\nIdioma:\u00a0 Espanhol<br \/>\nDimens\u00f5es: 13.5 x 1.5 x 21 cm<br \/>\nEncaderna\u00e7\u00e3o: Capa mole<br \/>\nP\u00e1ginas:\u00a0\u00a0 204<\/p>\n","protected":false},"excerpt":{"rendered":"<p>EL ALQUIMISTA Paulo Coelho ISBN: 84-7720-144-7 Editor: Ediciones Obelisco, S.L. Barcelona Data de Lan\u00e7amento: 1995 Idioma:\u00a0 Espanhol Dimens\u00f5es: 13.5 x 1.5 x 21 cm Encaderna\u00e7\u00e3o: Capa mole P\u00e1ginas:\u00a0\u00a0 204<\/p>\n","protected":false},"featured_media":318,"comment_status":"open","ping_status":"closed","template":"","meta":{"om_disable_all_campaigns":false,"_monsterinsights_skip_tracking":false,"_monsterinsights_sitenote_active":false,"_monsterinsights_sitenote_note":"","_monsterinsights_sitenote_category":0,"_uf_show_specific_survey":0,"_uf_disable_surveys":false},"product_cat":[57,62,38,63],"product_tag":[],"aioseo_notices":[],"jetpack_sharing_enabled":true,"_links":{"self":[{"href":"https:\/\/casadolivreiro.pt\/index.php\/wp-json\/wp\/v2\/product\/317"}],"collection":[{"href":"https:\/\/casadolivreiro.pt\/index.php\/wp-json\/wp\/v2\/product"}],"about":[{"href":"https:\/\/casadolivreiro.pt\/index.php\/wp-json\/wp\/v2\/types\/product"}],"replies":[{"embeddable":true,"href":"https:\/\/casadolivreiro.pt\/index.php\/wp-json\/wp\/v2\/comments?post=317"}],"wp:featuredmedia":[{"embeddable":true,"href":"https:\/\/casadolivreiro.pt\/index.php\/wp-json\/wp\/v2\/media\/318"}],"wp:attachment":[{"href":"https:\/\/casadolivreiro.pt\/index.php\/wp-json\/wp\/v2\/media?parent=317"}],"wp:term":[{"taxonomy":"product_cat","embeddable":true,"href":"https:\/\/casadolivreiro.pt\/index.php\/wp-json\/wp\/v2\/product_cat?post=317"},{"taxonomy":"product_tag","embeddable":true,"href":"https:\/\/casadolivreiro.pt\/index.php\/wp-json\/wp\/v2\/product_tag?post=317"}],"curies":[{"name":"wp","href":"https:\/\/api.w.org\/{rel}","templated":true}]}}