{"id":3169,"date":"2025-03-14T19:48:53","date_gmt":"2025-03-14T19:48:53","guid":{"rendered":"https:\/\/casadolivreiro.pt\/?post_type=product&#038;p=3169"},"modified":"2025-03-14T19:48:53","modified_gmt":"2025-03-14T19:48:53","slug":"vietname-os-escritores-tomam-posicao-cecil-woolf-john-bagguley","status":"publish","type":"product","link":"https:\/\/casadolivreiro.pt\/index.php\/product\/vietname-os-escritores-tomam-posicao-cecil-woolf-john-bagguley\/","title":{"rendered":"VIETNAME: Os escritores tomam posi\u00e7\u00e3o \u2013 Cecil Woolf, John Bagguley"},"content":{"rendered":"<p>VIETNAME: Os escritores tomam posi\u00e7\u00e3o \u2013 Cecil Woolf, John Bagguley<\/p>\n<p>Colec\u00e7\u00e3o Documentos do Tempo Presente<\/p>\n<p>Tradu\u00e7\u00e3o de Orlando Neves<\/p>\n<p>Ano de edi\u00e7\u00e3o: 1968<\/p>\n<p>Editor: Ulisseia, Lisboa<\/p>\n<p>Idioma: Portugu\u00eas<\/p>\n<p>Dimens\u00f5es: 14 x 2.5 x 21cm<\/p>\n<p>Encaderna\u00e7\u00e3o: Capa mole<\/p>\n<p>P\u00e1ginas: 326<\/p>\n","protected":false},"excerpt":{"rendered":"<p>VIETNAME: Os escritores tomam posi\u00e7\u00e3o \u2013 Cecil Woolf, John Bagguley Colec\u00e7\u00e3o Documentos do Tempo Presente Tradu\u00e7\u00e3o de Orlando Neves Ano de edi\u00e7\u00e3o: 1968 Editor: Ulisseia, Lisboa Idioma: Portugu\u00eas Dimens\u00f5es: 14 x 2.5 x 21cm Encaderna\u00e7\u00e3o: Capa mole P\u00e1ginas: 326<\/p>\n","protected":false},"featured_media":3170,"comment_status":"open","ping_status":"closed","template":"","meta":{"om_disable_all_campaigns":false,"_monsterinsights_skip_tracking":false,"_monsterinsights_sitenote_active":false,"_monsterinsights_sitenote_note":"","_monsterinsights_sitenote_category":0,"_uf_show_specific_survey":0,"_uf_disable_surveys":false},"product_cat":[30,51],"product_tag":[],"aioseo_notices":[],"jetpack_sharing_enabled":true,"_links":{"self":[{"href":"https:\/\/casadolivreiro.pt\/index.php\/wp-json\/wp\/v2\/product\/3169"}],"collection":[{"href":"https:\/\/casadolivreiro.pt\/index.php\/wp-json\/wp\/v2\/product"}],"about":[{"href":"https:\/\/casadolivreiro.pt\/index.php\/wp-json\/wp\/v2\/types\/product"}],"replies":[{"embeddable":true,"href":"https:\/\/casadolivreiro.pt\/index.php\/wp-json\/wp\/v2\/comments?post=3169"}],"wp:featuredmedia":[{"embeddable":true,"href":"https:\/\/casadolivreiro.pt\/index.php\/wp-json\/wp\/v2\/media\/3170"}],"wp:attachment":[{"href":"https:\/\/casadolivreiro.pt\/index.php\/wp-json\/wp\/v2\/media?parent=3169"}],"wp:term":[{"taxonomy":"product_cat","embeddable":true,"href":"https:\/\/casadolivreiro.pt\/index.php\/wp-json\/wp\/v2\/product_cat?post=3169"},{"taxonomy":"product_tag","embeddable":true,"href":"https:\/\/casadolivreiro.pt\/index.php\/wp-json\/wp\/v2\/product_tag?post=3169"}],"curies":[{"name":"wp","href":"https:\/\/api.w.org\/{rel}","templated":true}]}}