{"id":3161,"date":"2025-03-14T19:16:34","date_gmt":"2025-03-14T19:16:34","guid":{"rendered":"https:\/\/casadolivreiro.pt\/?post_type=product&#038;p=3161"},"modified":"2025-03-14T19:16:34","modified_gmt":"2025-03-14T19:16:34","slug":"para-a-historia-da-cultura-em-portugal-volume-2-parte-2-antonio-jose-saraiva","status":"publish","type":"product","link":"https:\/\/casadolivreiro.pt\/index.php\/product\/para-a-historia-da-cultura-em-portugal-volume-2-parte-2-antonio-jose-saraiva\/","title":{"rendered":"PARA A HIST\u00d3RIA DA CULTURA EM PORTUGAL , Volume 2, Parte 2\u2013 Ant\u00f3nio Jos\u00e9 Saraiva"},"content":{"rendered":"<p>PARA A HIST\u00d3RIA DA CULTURA EM PORTUGAL , Volume 2, Parte 2\u2013 Ant\u00f3nio Jos\u00e9 Saraiva<\/p>\n<p>Ano de edi\u00e7\u00e3o: 1996<\/p>\n<p>Editor: Gradiva<\/p>\n<p>Idioma: Portugu\u00eas<\/p>\n<p>Dimens\u00f5es: 13.5 x 1.1 x 21cm<\/p>\n<p>Encaderna\u00e7\u00e3o: Capa mole<\/p>\n<p>P\u00e1ginas: 301<\/p>\n","protected":false},"excerpt":{"rendered":"<p>PARA A HIST\u00d3RIA DA CULTURA EM PORTUGAL , Volume 2, Parte 2\u2013 Ant\u00f3nio Jos\u00e9 Saraiva Ano de edi\u00e7\u00e3o: 1996 Editor: Gradiva Idioma: Portugu\u00eas Dimens\u00f5es: 13.5 x 1.1 x 21cm Encaderna\u00e7\u00e3o: Capa mole P\u00e1ginas: 301<\/p>\n","protected":false},"featured_media":3162,"comment_status":"open","ping_status":"closed","template":"","meta":{"om_disable_all_campaigns":false,"_monsterinsights_skip_tracking":false,"_monsterinsights_sitenote_active":false,"_monsterinsights_sitenote_note":"","_monsterinsights_sitenote_category":0,"_uf_show_specific_survey":0,"_uf_disable_surveys":false},"product_cat":[47,30],"product_tag":[],"aioseo_notices":[],"jetpack_sharing_enabled":true,"_links":{"self":[{"href":"https:\/\/casadolivreiro.pt\/index.php\/wp-json\/wp\/v2\/product\/3161"}],"collection":[{"href":"https:\/\/casadolivreiro.pt\/index.php\/wp-json\/wp\/v2\/product"}],"about":[{"href":"https:\/\/casadolivreiro.pt\/index.php\/wp-json\/wp\/v2\/types\/product"}],"replies":[{"embeddable":true,"href":"https:\/\/casadolivreiro.pt\/index.php\/wp-json\/wp\/v2\/comments?post=3161"}],"wp:featuredmedia":[{"embeddable":true,"href":"https:\/\/casadolivreiro.pt\/index.php\/wp-json\/wp\/v2\/media\/3162"}],"wp:attachment":[{"href":"https:\/\/casadolivreiro.pt\/index.php\/wp-json\/wp\/v2\/media?parent=3161"}],"wp:term":[{"taxonomy":"product_cat","embeddable":true,"href":"https:\/\/casadolivreiro.pt\/index.php\/wp-json\/wp\/v2\/product_cat?post=3161"},{"taxonomy":"product_tag","embeddable":true,"href":"https:\/\/casadolivreiro.pt\/index.php\/wp-json\/wp\/v2\/product_tag?post=3161"}],"curies":[{"name":"wp","href":"https:\/\/api.w.org\/{rel}","templated":true}]}}