{"id":3155,"date":"2025-03-14T18:57:13","date_gmt":"2025-03-14T18:57:13","guid":{"rendered":"https:\/\/casadolivreiro.pt\/?post_type=product&#038;p=3155"},"modified":"2026-01-11T14:52:18","modified_gmt":"2026-01-11T14:52:18","slug":"reporter-no-vietname-jose-da-camara-leme","status":"publish","type":"product","link":"https:\/\/casadolivreiro.pt\/index.php\/product\/reporter-no-vietname-jose-da-camara-leme\/","title":{"rendered":"REP\u00d3RTER NO VIETNAME \u2013 Jos\u00e9 da C\u00e2mara Leme"},"content":{"rendered":"<p>REP\u00d3RTER NO VIETNAME \u2013 Jos\u00e9 da C\u00e2mara Leme<\/p>\n<p>Colec\u00e7\u00e3o Documentos de todos os tempos<\/p>\n<p>Ano de edi\u00e7\u00e3o: 1970<\/p>\n<p>Editor: Livraria Bertrand<\/p>\n<p>Idioma: Portugu\u00eas<\/p>\n<p>Dimens\u00f5es: 16 x 2 x 21.5cm<\/p>\n<p>Encaderna\u00e7\u00e3o: Capa mole<\/p>\n<p>P\u00e1ginas: 270<\/p>\n","protected":false},"excerpt":{"rendered":"<p>REP\u00d3RTER NO VIETNAME \u2013 Jos\u00e9 da C\u00e2mara Leme Colec\u00e7\u00e3o Documentos de todos os tempos Ano de edi\u00e7\u00e3o: 1970 Editor: Livraria Bertrand Idioma: Portugu\u00eas Dimens\u00f5es: 16 x 2 x 21.5cm Encaderna\u00e7\u00e3o: Capa mole P\u00e1ginas: 270<\/p>\n","protected":false},"featured_media":3156,"comment_status":"open","ping_status":"closed","template":"","meta":{"om_disable_all_campaigns":false,"_monsterinsights_skip_tracking":false,"_monsterinsights_sitenote_active":false,"_monsterinsights_sitenote_note":"","_monsterinsights_sitenote_category":0,"_uf_show_specific_survey":0,"_uf_disable_surveys":false},"product_cat":[30,36],"product_tag":[],"aioseo_notices":[],"jetpack_sharing_enabled":true,"_links":{"self":[{"href":"https:\/\/casadolivreiro.pt\/index.php\/wp-json\/wp\/v2\/product\/3155"}],"collection":[{"href":"https:\/\/casadolivreiro.pt\/index.php\/wp-json\/wp\/v2\/product"}],"about":[{"href":"https:\/\/casadolivreiro.pt\/index.php\/wp-json\/wp\/v2\/types\/product"}],"replies":[{"embeddable":true,"href":"https:\/\/casadolivreiro.pt\/index.php\/wp-json\/wp\/v2\/comments?post=3155"}],"wp:featuredmedia":[{"embeddable":true,"href":"https:\/\/casadolivreiro.pt\/index.php\/wp-json\/wp\/v2\/media\/3156"}],"wp:attachment":[{"href":"https:\/\/casadolivreiro.pt\/index.php\/wp-json\/wp\/v2\/media?parent=3155"}],"wp:term":[{"taxonomy":"product_cat","embeddable":true,"href":"https:\/\/casadolivreiro.pt\/index.php\/wp-json\/wp\/v2\/product_cat?post=3155"},{"taxonomy":"product_tag","embeddable":true,"href":"https:\/\/casadolivreiro.pt\/index.php\/wp-json\/wp\/v2\/product_tag?post=3155"}],"curies":[{"name":"wp","href":"https:\/\/api.w.org\/{rel}","templated":true}]}}