{"id":3153,"date":"2025-03-14T17:30:47","date_gmt":"2025-03-14T17:30:47","guid":{"rendered":"https:\/\/casadolivreiro.pt\/?post_type=product&#038;p=3153"},"modified":"2025-03-14T17:30:47","modified_gmt":"2025-03-14T17:30:47","slug":"15-enigmas-da-historia-yvonne-girault","status":"publish","type":"product","link":"https:\/\/casadolivreiro.pt\/index.php\/product\/15-enigmas-da-historia-yvonne-girault\/","title":{"rendered":"15 ENIGMAS DA HIST\u00d3RIA &#8211; Yvonne Girault"},"content":{"rendered":"<p>15 ENIGMAS DA HIST\u00d3RIA &#8211; Yvonne Girault<\/p>\n<p>Tradu\u00e7\u00e3o de Manuela Ferreira de Almeida<\/p>\n<p>S\u00e9rie 15, #7<\/p>\n<p>Ano de edi\u00e7\u00e3o: 1971<\/p>\n<p>Editor: Editorial Verbo<\/p>\n<p>Idioma: Portugu\u00eas<\/p>\n<p>Dimens\u00f5es: 14 x 2.3 x 21cm<\/p>\n<p>Encaderna\u00e7\u00e3o: Capa mole<\/p>\n<p>P\u00e1ginas: 241<\/p>\n","protected":false},"excerpt":{"rendered":"<p>15 ENIGMAS DA HIST\u00d3RIA &#8211; Yvonne Girault Tradu\u00e7\u00e3o de Manuela Ferreira de Almeida S\u00e9rie 15, #7 Ano de edi\u00e7\u00e3o: 1971 Editor: Editorial Verbo Idioma: Portugu\u00eas Dimens\u00f5es: 14 x 2.3 x 21cm Encaderna\u00e7\u00e3o: Capa mole P\u00e1ginas: 241<\/p>\n","protected":false},"featured_media":3154,"comment_status":"open","ping_status":"closed","template":"","meta":{"om_disable_all_campaigns":false,"_monsterinsights_skip_tracking":false,"_monsterinsights_sitenote_active":false,"_monsterinsights_sitenote_note":"","_monsterinsights_sitenote_category":0,"_uf_show_specific_survey":0,"_uf_disable_surveys":false},"product_cat":[47,30,34],"product_tag":[],"aioseo_notices":[],"jetpack_sharing_enabled":true,"_links":{"self":[{"href":"https:\/\/casadolivreiro.pt\/index.php\/wp-json\/wp\/v2\/product\/3153"}],"collection":[{"href":"https:\/\/casadolivreiro.pt\/index.php\/wp-json\/wp\/v2\/product"}],"about":[{"href":"https:\/\/casadolivreiro.pt\/index.php\/wp-json\/wp\/v2\/types\/product"}],"replies":[{"embeddable":true,"href":"https:\/\/casadolivreiro.pt\/index.php\/wp-json\/wp\/v2\/comments?post=3153"}],"wp:featuredmedia":[{"embeddable":true,"href":"https:\/\/casadolivreiro.pt\/index.php\/wp-json\/wp\/v2\/media\/3154"}],"wp:attachment":[{"href":"https:\/\/casadolivreiro.pt\/index.php\/wp-json\/wp\/v2\/media?parent=3153"}],"wp:term":[{"taxonomy":"product_cat","embeddable":true,"href":"https:\/\/casadolivreiro.pt\/index.php\/wp-json\/wp\/v2\/product_cat?post=3153"},{"taxonomy":"product_tag","embeddable":true,"href":"https:\/\/casadolivreiro.pt\/index.php\/wp-json\/wp\/v2\/product_tag?post=3153"}],"curies":[{"name":"wp","href":"https:\/\/api.w.org\/{rel}","templated":true}]}}