{"id":3151,"date":"2025-03-14T17:28:39","date_gmt":"2025-03-14T17:28:39","guid":{"rendered":"https:\/\/casadolivreiro.pt\/?post_type=product&#038;p=3151"},"modified":"2025-03-14T17:28:39","modified_gmt":"2025-03-14T17:28:39","slug":"15-maravilhas-do-mundo","status":"publish","type":"product","link":"https:\/\/casadolivreiro.pt\/index.php\/product\/15-maravilhas-do-mundo\/","title":{"rendered":"15 MARAVILHAS DO MUNDO"},"content":{"rendered":"<p>15 MARAVILHAS DO MUNDO<\/p>\n<p>Tradu\u00e7\u00e3o de Georges Pichard<\/p>\n<p>S\u00e9rie 15, #14<\/p>\n<p>Ano de edi\u00e7\u00e3o: 1970 ?<\/p>\n<p>Editor: Editorial Verbo<\/p>\n<p>Idioma: Portugu\u00eas<\/p>\n<p>Dimens\u00f5es: 14 x 2.1 x 21cm<\/p>\n<p>Encaderna\u00e7\u00e3o: Capa mole<\/p>\n<p>P\u00e1ginas: 236<\/p>\n","protected":false},"excerpt":{"rendered":"<p>15 MARAVILHAS DO MUNDO Tradu\u00e7\u00e3o de Georges Pichard S\u00e9rie 15, #14 Ano de edi\u00e7\u00e3o: 1970 ? Editor: Editorial Verbo Idioma: Portugu\u00eas Dimens\u00f5es: 14 x 2.1 x 21cm Encaderna\u00e7\u00e3o: Capa mole P\u00e1ginas: 236<\/p>\n","protected":false},"featured_media":3152,"comment_status":"open","ping_status":"closed","template":"","meta":{"om_disable_all_campaigns":false,"_monsterinsights_skip_tracking":false,"_monsterinsights_sitenote_active":false,"_monsterinsights_sitenote_note":"","_monsterinsights_sitenote_category":0,"_uf_show_specific_survey":0,"_uf_disable_surveys":false},"product_cat":[47,30,34],"product_tag":[],"aioseo_notices":[],"jetpack_sharing_enabled":true,"_links":{"self":[{"href":"https:\/\/casadolivreiro.pt\/index.php\/wp-json\/wp\/v2\/product\/3151"}],"collection":[{"href":"https:\/\/casadolivreiro.pt\/index.php\/wp-json\/wp\/v2\/product"}],"about":[{"href":"https:\/\/casadolivreiro.pt\/index.php\/wp-json\/wp\/v2\/types\/product"}],"replies":[{"embeddable":true,"href":"https:\/\/casadolivreiro.pt\/index.php\/wp-json\/wp\/v2\/comments?post=3151"}],"wp:featuredmedia":[{"embeddable":true,"href":"https:\/\/casadolivreiro.pt\/index.php\/wp-json\/wp\/v2\/media\/3152"}],"wp:attachment":[{"href":"https:\/\/casadolivreiro.pt\/index.php\/wp-json\/wp\/v2\/media?parent=3151"}],"wp:term":[{"taxonomy":"product_cat","embeddable":true,"href":"https:\/\/casadolivreiro.pt\/index.php\/wp-json\/wp\/v2\/product_cat?post=3151"},{"taxonomy":"product_tag","embeddable":true,"href":"https:\/\/casadolivreiro.pt\/index.php\/wp-json\/wp\/v2\/product_tag?post=3151"}],"curies":[{"name":"wp","href":"https:\/\/api.w.org\/{rel}","templated":true}]}}