{"id":315,"date":"2024-03-09T15:09:48","date_gmt":"2024-03-09T15:09:48","guid":{"rendered":"https:\/\/casadolivreiro.pt\/?post_type=product&#038;p=315"},"modified":"2025-02-19T18:46:18","modified_gmt":"2025-02-19T18:46:18","slug":"ninfomaniacas-e-outras-irving-wallace","status":"publish","type":"product","link":"https:\/\/casadolivreiro.pt\/index.php\/product\/ninfomaniacas-e-outras-irving-wallace\/","title":{"rendered":"NINFOMAN\u00cdACAS E OUTRAS &#8211; Irving Wallace"},"content":{"rendered":"<p>NINFOMAN\u00cdACAS E OUTRAS<br \/>\nIrving Wallace<br \/>\nTradu\u00e7\u00e3o de Ana Maria Marques de Almeida<br \/>\nEditor:\u00a0 Portug\u00e1lia Editora<br \/>\nData de Lan\u00e7amento: 1972<br \/>\nIdioma:\u00a0 Portugu\u00eas<br \/>\nDimens\u00f5es: 13 x 4.4 x 18.4 cm<br \/>\nEncaderna\u00e7\u00e3o: Capa mole<br \/>\nP\u00e1ginas:\u00a0\u00a0 621<br \/>\nColec\u00e7\u00e3o Contempor\u00e2nea N.\u00ba125<\/p>\n","protected":false},"excerpt":{"rendered":"<p>NINFOMAN\u00cdACAS E OUTRAS Irving Wallace Tradu\u00e7\u00e3o de Ana Maria Marques de Almeida Editor:\u00a0 Portug\u00e1lia Editora Data de Lan\u00e7amento: 1972 Idioma:\u00a0 Portugu\u00eas Dimens\u00f5es: 13 x 4.4 x 18.4 cm Encaderna\u00e7\u00e3o: Capa mole P\u00e1ginas:\u00a0\u00a0 621 Colec\u00e7\u00e3o Contempor\u00e2nea N.\u00ba125<\/p>\n","protected":false},"featured_media":316,"comment_status":"open","ping_status":"closed","template":"","meta":{"om_disable_all_campaigns":false,"_monsterinsights_skip_tracking":false,"_monsterinsights_sitenote_active":false,"_monsterinsights_sitenote_note":"","_monsterinsights_sitenote_category":0,"_uf_show_specific_survey":0,"_uf_disable_surveys":false},"product_cat":[26,62,37,67],"product_tag":[],"aioseo_notices":[],"jetpack_sharing_enabled":true,"_links":{"self":[{"href":"https:\/\/casadolivreiro.pt\/index.php\/wp-json\/wp\/v2\/product\/315"}],"collection":[{"href":"https:\/\/casadolivreiro.pt\/index.php\/wp-json\/wp\/v2\/product"}],"about":[{"href":"https:\/\/casadolivreiro.pt\/index.php\/wp-json\/wp\/v2\/types\/product"}],"replies":[{"embeddable":true,"href":"https:\/\/casadolivreiro.pt\/index.php\/wp-json\/wp\/v2\/comments?post=315"}],"wp:featuredmedia":[{"embeddable":true,"href":"https:\/\/casadolivreiro.pt\/index.php\/wp-json\/wp\/v2\/media\/316"}],"wp:attachment":[{"href":"https:\/\/casadolivreiro.pt\/index.php\/wp-json\/wp\/v2\/media?parent=315"}],"wp:term":[{"taxonomy":"product_cat","embeddable":true,"href":"https:\/\/casadolivreiro.pt\/index.php\/wp-json\/wp\/v2\/product_cat?post=315"},{"taxonomy":"product_tag","embeddable":true,"href":"https:\/\/casadolivreiro.pt\/index.php\/wp-json\/wp\/v2\/product_tag?post=315"}],"curies":[{"name":"wp","href":"https:\/\/api.w.org\/{rel}","templated":true}]}}