{"id":3143,"date":"2025-03-14T17:20:04","date_gmt":"2025-03-14T17:20:04","guid":{"rendered":"https:\/\/casadolivreiro.pt\/?post_type=product&#038;p=3143"},"modified":"2025-03-14T17:20:04","modified_gmt":"2025-03-14T17:20:04","slug":"15-historias-de-aviacao-alain-franck","status":"publish","type":"product","link":"https:\/\/casadolivreiro.pt\/index.php\/product\/15-historias-de-aviacao-alain-franck\/","title":{"rendered":"15 HIST\u00d3RIAS DE AVIA\u00c7\u00c3O \u2013 Alain Franck"},"content":{"rendered":"<p>15 HIST\u00d3RIAS DE AVIA\u00c7\u00c3O \u2013 Alain Franck<\/p>\n<p>Tradu\u00e7\u00e3o de Maria Guerne<\/p>\n<p>S\u00e9rie 15 #12<\/p>\n<p>Ano de edi\u00e7\u00e3o: 1971<\/p>\n<p>Editor: Editorial Verbo<\/p>\n<p>Idioma: Portugu\u00eas<\/p>\n<p>Dimens\u00f5es: 14 x 2 x 21cm<\/p>\n<p>Encaderna\u00e7\u00e3o: Capa mole<\/p>\n<p>P\u00e1ginas: 251<\/p>\n","protected":false},"excerpt":{"rendered":"<p>15 HIST\u00d3RIAS DE AVIA\u00c7\u00c3O \u2013 Alain Franck Tradu\u00e7\u00e3o de Maria Guerne S\u00e9rie 15 #12 Ano de edi\u00e7\u00e3o: 1971 Editor: Editorial Verbo Idioma: Portugu\u00eas Dimens\u00f5es: 14 x 2 x 21cm Encaderna\u00e7\u00e3o: Capa mole P\u00e1ginas: 251<\/p>\n","protected":false},"featured_media":3144,"comment_status":"open","ping_status":"closed","template":"","meta":{"om_disable_all_campaigns":false,"_monsterinsights_skip_tracking":false,"_monsterinsights_sitenote_active":false,"_monsterinsights_sitenote_note":"","_monsterinsights_sitenote_category":0,"_uf_show_specific_survey":0,"_uf_disable_surveys":false},"product_cat":[47,30,34],"product_tag":[],"aioseo_notices":[],"jetpack_sharing_enabled":true,"_links":{"self":[{"href":"https:\/\/casadolivreiro.pt\/index.php\/wp-json\/wp\/v2\/product\/3143"}],"collection":[{"href":"https:\/\/casadolivreiro.pt\/index.php\/wp-json\/wp\/v2\/product"}],"about":[{"href":"https:\/\/casadolivreiro.pt\/index.php\/wp-json\/wp\/v2\/types\/product"}],"replies":[{"embeddable":true,"href":"https:\/\/casadolivreiro.pt\/index.php\/wp-json\/wp\/v2\/comments?post=3143"}],"wp:featuredmedia":[{"embeddable":true,"href":"https:\/\/casadolivreiro.pt\/index.php\/wp-json\/wp\/v2\/media\/3144"}],"wp:attachment":[{"href":"https:\/\/casadolivreiro.pt\/index.php\/wp-json\/wp\/v2\/media?parent=3143"}],"wp:term":[{"taxonomy":"product_cat","embeddable":true,"href":"https:\/\/casadolivreiro.pt\/index.php\/wp-json\/wp\/v2\/product_cat?post=3143"},{"taxonomy":"product_tag","embeddable":true,"href":"https:\/\/casadolivreiro.pt\/index.php\/wp-json\/wp\/v2\/product_tag?post=3143"}],"curies":[{"name":"wp","href":"https:\/\/api.w.org\/{rel}","templated":true}]}}