{"id":3138,"date":"2025-03-14T00:43:33","date_gmt":"2025-03-14T00:43:33","guid":{"rendered":"https:\/\/casadolivreiro.pt\/?post_type=product&#038;p=3138"},"modified":"2025-03-14T00:43:33","modified_gmt":"2025-03-14T00:43:33","slug":"o-agente-britanico-somerset-maugham","status":"publish","type":"product","link":"https:\/\/casadolivreiro.pt\/index.php\/product\/o-agente-britanico-somerset-maugham\/","title":{"rendered":"O AGENTE BRIT\u00c2NICO \u2013 Somerset Maugham"},"content":{"rendered":"<p>O AGENTE BRIT\u00c2NICO \u2013 Somerset Maugham<\/p>\n<p>Tradu\u00e7\u00e3o de Vidal de Oliveira<\/p>\n<p>Ano de edi\u00e7\u00e3o:<\/p>\n<p>Editor: Livros do Brasil, Lisboa<\/p>\n<p>Idioma: Portugu\u00eas<\/p>\n<p>Dimens\u00f5es: 13.8 x 2 x 18.7cm<\/p>\n<p>Encaderna\u00e7\u00e3o: Capa mole<\/p>\n<p>P\u00e1ginas: 296<\/p>\n<p>&nbsp;<\/p>\n","protected":false},"excerpt":{"rendered":"<p>O AGENTE BRIT\u00c2NICO \u2013 Somerset Maugham Tradu\u00e7\u00e3o de Vidal de Oliveira Ano de edi\u00e7\u00e3o: Editor: Livros do Brasil, Lisboa Idioma: Portugu\u00eas Dimens\u00f5es: 13.8 x 2 x 18.7cm Encaderna\u00e7\u00e3o: Capa mole P\u00e1ginas: 296 &nbsp;<\/p>\n","protected":false},"featured_media":3139,"comment_status":"open","ping_status":"closed","template":"","meta":{"om_disable_all_campaigns":false,"_monsterinsights_skip_tracking":false,"_monsterinsights_sitenote_active":false,"_monsterinsights_sitenote_note":"","_monsterinsights_sitenote_category":0,"_uf_show_specific_survey":0,"_uf_disable_surveys":false},"product_cat":[26,44],"product_tag":[],"aioseo_notices":[],"jetpack_sharing_enabled":true,"_links":{"self":[{"href":"https:\/\/casadolivreiro.pt\/index.php\/wp-json\/wp\/v2\/product\/3138"}],"collection":[{"href":"https:\/\/casadolivreiro.pt\/index.php\/wp-json\/wp\/v2\/product"}],"about":[{"href":"https:\/\/casadolivreiro.pt\/index.php\/wp-json\/wp\/v2\/types\/product"}],"replies":[{"embeddable":true,"href":"https:\/\/casadolivreiro.pt\/index.php\/wp-json\/wp\/v2\/comments?post=3138"}],"wp:featuredmedia":[{"embeddable":true,"href":"https:\/\/casadolivreiro.pt\/index.php\/wp-json\/wp\/v2\/media\/3139"}],"wp:attachment":[{"href":"https:\/\/casadolivreiro.pt\/index.php\/wp-json\/wp\/v2\/media?parent=3138"}],"wp:term":[{"taxonomy":"product_cat","embeddable":true,"href":"https:\/\/casadolivreiro.pt\/index.php\/wp-json\/wp\/v2\/product_cat?post=3138"},{"taxonomy":"product_tag","embeddable":true,"href":"https:\/\/casadolivreiro.pt\/index.php\/wp-json\/wp\/v2\/product_tag?post=3138"}],"curies":[{"name":"wp","href":"https:\/\/api.w.org\/{rel}","templated":true}]}}