{"id":3117,"date":"2025-03-13T23:02:28","date_gmt":"2025-03-13T23:02:28","guid":{"rendered":"https:\/\/casadolivreiro.pt\/?post_type=product&#038;p=3117"},"modified":"2025-03-13T23:02:28","modified_gmt":"2025-03-13T23:02:28","slug":"guia-do-estudante-historia-ano-lectivo-1994-1995","status":"publish","type":"product","link":"https:\/\/casadolivreiro.pt\/index.php\/product\/guia-do-estudante-historia-ano-lectivo-1994-1995\/","title":{"rendered":"GUIA DO ESTUDANTE: HIST\u00d3RIA, Ano Lectivo 1994-1995"},"content":{"rendered":"<p>GUIA DO ESTUDANTE: HIST\u00d3RIA, Ano Lectivo 1994-1995<\/p>\n<p>Ano de edi\u00e7\u00e3o: 1994<\/p>\n<p>Editor: Faculdade de letras da Universidade de Coimbra, Publica\u00e7\u00e3o do conselho pedag\u00f3gico<\/p>\n<p>Idioma: Portugu\u00eas<\/p>\n<p>Dimens\u00f5es: 14.5 x 1.3 x 20.9cm<\/p>\n<p>Encaderna\u00e7\u00e3o: Capa mole<\/p>\n<p>P\u00e1ginas: 183<\/p>\n","protected":false},"excerpt":{"rendered":"<p>GUIA DO ESTUDANTE: HIST\u00d3RIA, Ano Lectivo 1994-1995 Ano de edi\u00e7\u00e3o: 1994 Editor: Faculdade de letras da Universidade de Coimbra, Publica\u00e7\u00e3o do conselho pedag\u00f3gico Idioma: Portugu\u00eas Dimens\u00f5es: 14.5 x 1.3 x 20.9cm Encaderna\u00e7\u00e3o: Capa mole P\u00e1ginas: 183<\/p>\n","protected":false},"featured_media":3118,"comment_status":"open","ping_status":"closed","template":"","meta":{"om_disable_all_campaigns":false,"_monsterinsights_skip_tracking":false,"_monsterinsights_sitenote_active":false,"_monsterinsights_sitenote_note":"","_monsterinsights_sitenote_category":0,"_uf_show_specific_survey":0,"_uf_disable_surveys":false},"product_cat":[47,30],"product_tag":[],"aioseo_notices":[],"jetpack_sharing_enabled":true,"_links":{"self":[{"href":"https:\/\/casadolivreiro.pt\/index.php\/wp-json\/wp\/v2\/product\/3117"}],"collection":[{"href":"https:\/\/casadolivreiro.pt\/index.php\/wp-json\/wp\/v2\/product"}],"about":[{"href":"https:\/\/casadolivreiro.pt\/index.php\/wp-json\/wp\/v2\/types\/product"}],"replies":[{"embeddable":true,"href":"https:\/\/casadolivreiro.pt\/index.php\/wp-json\/wp\/v2\/comments?post=3117"}],"wp:featuredmedia":[{"embeddable":true,"href":"https:\/\/casadolivreiro.pt\/index.php\/wp-json\/wp\/v2\/media\/3118"}],"wp:attachment":[{"href":"https:\/\/casadolivreiro.pt\/index.php\/wp-json\/wp\/v2\/media?parent=3117"}],"wp:term":[{"taxonomy":"product_cat","embeddable":true,"href":"https:\/\/casadolivreiro.pt\/index.php\/wp-json\/wp\/v2\/product_cat?post=3117"},{"taxonomy":"product_tag","embeddable":true,"href":"https:\/\/casadolivreiro.pt\/index.php\/wp-json\/wp\/v2\/product_tag?post=3117"}],"curies":[{"name":"wp","href":"https:\/\/api.w.org\/{rel}","templated":true}]}}