{"id":3111,"date":"2025-03-13T21:22:18","date_gmt":"2025-03-13T21:22:18","guid":{"rendered":"https:\/\/casadolivreiro.pt\/?post_type=product&#038;p=3111"},"modified":"2025-03-13T21:22:19","modified_gmt":"2025-03-13T21:22:19","slug":"historia-do-mundo-volume-2-andrew-marr","status":"publish","type":"product","link":"https:\/\/casadolivreiro.pt\/index.php\/product\/historia-do-mundo-volume-2-andrew-marr\/","title":{"rendered":"HIST\u00d3RIA DO MUNDO, Volume 2 \u2013 Andrew Marr"},"content":{"rendered":"<p>HIST\u00d3RIA DO MUNDO, Volume 2 \u2013 Andrew Marr<\/p>\n<p>Tradu\u00e7\u00e3o de Manuel Santos Marques<\/p>\n<p>Ano de edi\u00e7\u00e3o: 2016<\/p>\n<p>Editor: Texto Editores Lda. (Expresso)<\/p>\n<p>Idioma: Portugu\u00eas<\/p>\n<p>Dimens\u00f5es: 13.5 x 1 x 19cm<\/p>\n<p>Encaderna\u00e7\u00e3o: Capa mole<\/p>\n<p>P\u00e1ginas: 140<\/p>\n","protected":false},"excerpt":{"rendered":"<p>HIST\u00d3RIA DO MUNDO, Volume 2 \u2013 Andrew Marr Tradu\u00e7\u00e3o de Manuel Santos Marques Ano de edi\u00e7\u00e3o: 2016 Editor: Texto Editores Lda. (Expresso) Idioma: Portugu\u00eas Dimens\u00f5es: 13.5 x 1 x 19cm Encaderna\u00e7\u00e3o: Capa mole P\u00e1ginas: 140<\/p>\n","protected":false},"featured_media":3110,"comment_status":"open","ping_status":"closed","template":"","meta":{"om_disable_all_campaigns":false,"_monsterinsights_skip_tracking":false,"_monsterinsights_sitenote_active":false,"_monsterinsights_sitenote_note":"","_monsterinsights_sitenote_category":0,"_uf_show_specific_survey":0,"_uf_disable_surveys":false},"product_cat":[30],"product_tag":[],"aioseo_notices":[],"jetpack_sharing_enabled":true,"_links":{"self":[{"href":"https:\/\/casadolivreiro.pt\/index.php\/wp-json\/wp\/v2\/product\/3111"}],"collection":[{"href":"https:\/\/casadolivreiro.pt\/index.php\/wp-json\/wp\/v2\/product"}],"about":[{"href":"https:\/\/casadolivreiro.pt\/index.php\/wp-json\/wp\/v2\/types\/product"}],"replies":[{"embeddable":true,"href":"https:\/\/casadolivreiro.pt\/index.php\/wp-json\/wp\/v2\/comments?post=3111"}],"wp:featuredmedia":[{"embeddable":true,"href":"https:\/\/casadolivreiro.pt\/index.php\/wp-json\/wp\/v2\/media\/3110"}],"wp:attachment":[{"href":"https:\/\/casadolivreiro.pt\/index.php\/wp-json\/wp\/v2\/media?parent=3111"}],"wp:term":[{"taxonomy":"product_cat","embeddable":true,"href":"https:\/\/casadolivreiro.pt\/index.php\/wp-json\/wp\/v2\/product_cat?post=3111"},{"taxonomy":"product_tag","embeddable":true,"href":"https:\/\/casadolivreiro.pt\/index.php\/wp-json\/wp\/v2\/product_tag?post=3111"}],"curies":[{"name":"wp","href":"https:\/\/api.w.org\/{rel}","templated":true}]}}