{"id":3107,"date":"2025-03-13T21:11:32","date_gmt":"2025-03-13T21:11:32","guid":{"rendered":"https:\/\/casadolivreiro.pt\/?post_type=product&#038;p=3107"},"modified":"2025-03-13T21:11:32","modified_gmt":"2025-03-13T21:11:32","slug":"as-origens-do-revisionismo-sobre-a-questao-de-estaline-gauche-ouvriere-et-populaire-g-o-p","status":"publish","type":"product","link":"https:\/\/casadolivreiro.pt\/index.php\/product\/as-origens-do-revisionismo-sobre-a-questao-de-estaline-gauche-ouvriere-et-populaire-g-o-p\/","title":{"rendered":"AS ORIGENS DO REVISIONISMO: SOBRE A QUEST\u00c3O DE ESTALINE \u2013 Gauche Ouvri\u00e8re et Populaire (G.O.P)"},"content":{"rendered":"<p>AS ORIGENS DO REVISIONISMO: SOBRE A QUEST\u00c3O DE ESTALINE \u2013 Gauche Ouvri\u00e8re et Populaire (G.O.P)<\/p>\n<p>Colec\u00e7\u00e3o A Arma da Critica #1<\/p>\n<p>Tradu\u00e7\u00e3o de SLEMES<\/p>\n<p>Ano de edi\u00e7\u00e3o: 1976<\/p>\n<p>Editor: SLEMES<\/p>\n<p>Idioma: Portugu\u00eas<\/p>\n<p>Dimens\u00f5es: 11 x 0.4 x 20.5cm<\/p>\n<p>Encaderna\u00e7\u00e3o: Capa mole<\/p>\n<p>P\u00e1ginas: 52<\/p>\n","protected":false},"excerpt":{"rendered":"<p>AS ORIGENS DO REVISIONISMO: SOBRE A QUEST\u00c3O DE ESTALINE \u2013 Gauche Ouvri\u00e8re et Populaire (G.O.P) Colec\u00e7\u00e3o A Arma da Critica #1 Tradu\u00e7\u00e3o de SLEMES Ano de edi\u00e7\u00e3o: 1976 Editor: SLEMES Idioma: Portugu\u00eas Dimens\u00f5es: 11 x 0.4 x 20.5cm Encaderna\u00e7\u00e3o: Capa mole P\u00e1ginas: 52<\/p>\n","protected":false},"featured_media":3108,"comment_status":"open","ping_status":"closed","template":"","meta":{"om_disable_all_campaigns":false,"_monsterinsights_skip_tracking":false,"_monsterinsights_sitenote_active":false,"_monsterinsights_sitenote_note":"","_monsterinsights_sitenote_category":0,"_uf_show_specific_survey":0,"_uf_disable_surveys":false},"product_cat":[30,59,51],"product_tag":[],"aioseo_notices":[],"jetpack_sharing_enabled":true,"_links":{"self":[{"href":"https:\/\/casadolivreiro.pt\/index.php\/wp-json\/wp\/v2\/product\/3107"}],"collection":[{"href":"https:\/\/casadolivreiro.pt\/index.php\/wp-json\/wp\/v2\/product"}],"about":[{"href":"https:\/\/casadolivreiro.pt\/index.php\/wp-json\/wp\/v2\/types\/product"}],"replies":[{"embeddable":true,"href":"https:\/\/casadolivreiro.pt\/index.php\/wp-json\/wp\/v2\/comments?post=3107"}],"wp:featuredmedia":[{"embeddable":true,"href":"https:\/\/casadolivreiro.pt\/index.php\/wp-json\/wp\/v2\/media\/3108"}],"wp:attachment":[{"href":"https:\/\/casadolivreiro.pt\/index.php\/wp-json\/wp\/v2\/media?parent=3107"}],"wp:term":[{"taxonomy":"product_cat","embeddable":true,"href":"https:\/\/casadolivreiro.pt\/index.php\/wp-json\/wp\/v2\/product_cat?post=3107"},{"taxonomy":"product_tag","embeddable":true,"href":"https:\/\/casadolivreiro.pt\/index.php\/wp-json\/wp\/v2\/product_tag?post=3107"}],"curies":[{"name":"wp","href":"https:\/\/api.w.org\/{rel}","templated":true}]}}