{"id":3088,"date":"2025-03-13T18:53:17","date_gmt":"2025-03-13T18:53:17","guid":{"rendered":"https:\/\/casadolivreiro.pt\/?post_type=product&#038;p=3088"},"modified":"2025-03-13T18:53:17","modified_gmt":"2025-03-13T18:53:17","slug":"historia-do-seculo-xx-volume-7-martin-gilbert","status":"publish","type":"product","link":"https:\/\/casadolivreiro.pt\/index.php\/product\/historia-do-seculo-xx-volume-7-martin-gilbert\/","title":{"rendered":"HIST\u00d3RIA DO S\u00c9CULO XX, Volume 7 \u2013 Martin Gilbert"},"content":{"rendered":"<p>HIST\u00d3RIA DO S\u00c9CULO XX, Volume 7 \u2013 Martin Gilbert<\/p>\n<p>Tradu\u00e7\u00e3o de Francisco Agarez<\/p>\n<p>Ano de edi\u00e7\u00e3o: 2013<\/p>\n<p>Editor: Dom Quixote, Alfragide \/ Expresso<\/p>\n<p>Idioma: Portugu\u00eas<\/p>\n<p>Dimens\u00f5es: 13.5 x 0.5 x 19cm<\/p>\n<p>Encaderna\u00e7\u00e3o: Capa mole<\/p>\n<p>P\u00e1ginas: 86<\/p>\n","protected":false},"excerpt":{"rendered":"<p>HIST\u00d3RIA DO S\u00c9CULO XX, Volume 7 \u2013 Martin Gilbert Tradu\u00e7\u00e3o de Francisco Agarez Ano de edi\u00e7\u00e3o: 2013 Editor: Dom Quixote, Alfragide \/ Expresso Idioma: Portugu\u00eas Dimens\u00f5es: 13.5 x 0.5 x 19cm Encaderna\u00e7\u00e3o: Capa mole P\u00e1ginas: 86<\/p>\n","protected":false},"featured_media":3089,"comment_status":"open","ping_status":"closed","template":"","meta":{"om_disable_all_campaigns":false,"_monsterinsights_skip_tracking":false,"_monsterinsights_sitenote_active":false,"_monsterinsights_sitenote_note":"","_monsterinsights_sitenote_category":0,"_uf_show_specific_survey":0,"_uf_disable_surveys":false},"product_cat":[47,30],"product_tag":[],"aioseo_notices":[],"jetpack_sharing_enabled":true,"_links":{"self":[{"href":"https:\/\/casadolivreiro.pt\/index.php\/wp-json\/wp\/v2\/product\/3088"}],"collection":[{"href":"https:\/\/casadolivreiro.pt\/index.php\/wp-json\/wp\/v2\/product"}],"about":[{"href":"https:\/\/casadolivreiro.pt\/index.php\/wp-json\/wp\/v2\/types\/product"}],"replies":[{"embeddable":true,"href":"https:\/\/casadolivreiro.pt\/index.php\/wp-json\/wp\/v2\/comments?post=3088"}],"wp:featuredmedia":[{"embeddable":true,"href":"https:\/\/casadolivreiro.pt\/index.php\/wp-json\/wp\/v2\/media\/3089"}],"wp:attachment":[{"href":"https:\/\/casadolivreiro.pt\/index.php\/wp-json\/wp\/v2\/media?parent=3088"}],"wp:term":[{"taxonomy":"product_cat","embeddable":true,"href":"https:\/\/casadolivreiro.pt\/index.php\/wp-json\/wp\/v2\/product_cat?post=3088"},{"taxonomy":"product_tag","embeddable":true,"href":"https:\/\/casadolivreiro.pt\/index.php\/wp-json\/wp\/v2\/product_tag?post=3088"}],"curies":[{"name":"wp","href":"https:\/\/api.w.org\/{rel}","templated":true}]}}