{"id":308,"date":"2024-03-09T14:52:49","date_gmt":"2024-03-09T14:52:49","guid":{"rendered":"https:\/\/casadolivreiro.pt\/?post_type=product&#038;p=308"},"modified":"2024-03-09T14:52:49","modified_gmt":"2024-03-09T14:52:49","slug":"n-de-no-o-abecedario-do-crime-sue-grafton","status":"publish","type":"product","link":"https:\/\/casadolivreiro.pt\/index.php\/product\/n-de-no-o-abecedario-do-crime-sue-grafton\/","title":{"rendered":"N DE N\u00d3: O abeced\u00e1rio do crime &#8211; Sue Grafton"},"content":{"rendered":"<p>N DE N\u00d3: O abeced\u00e1rio do crime<br \/>\nSue Grafton<br \/>\nTradu\u00e7\u00e3o de Rita Figueiredo<br \/>\nISBN: 972-711-488-1<br \/>\nEditor:\u00a0 Editora Pergaminho, Lda. Cascais, Portugal (Damas do crime)<br \/>\nData de Lan\u00e7amento: 2002, Primeira edi\u00e7\u00e3o<br \/>\nIdioma:\u00a0 Portugu\u00eas<br \/>\nDimens\u00f5es: 15 x 1.8 x 23 cm<br \/>\nEncaderna\u00e7\u00e3o: Capa mole<br \/>\nP\u00e1ginas:\u00a0\u00a0 277<\/p>\n","protected":false},"excerpt":{"rendered":"<p>N DE N\u00d3: O abeced\u00e1rio do crime Sue Grafton Tradu\u00e7\u00e3o de Rita Figueiredo ISBN: 972-711-488-1 Editor:\u00a0 Editora Pergaminho, Lda. Cascais, Portugal (Damas do crime) Data de Lan\u00e7amento: 2002, Primeira edi\u00e7\u00e3o Idioma:\u00a0 Portugu\u00eas Dimens\u00f5es: 15 x 1.8 x 23 cm Encaderna\u00e7\u00e3o: Capa mole P\u00e1ginas:\u00a0\u00a0 277<\/p>\n","protected":false},"featured_media":309,"comment_status":"open","ping_status":"closed","template":"","meta":{"om_disable_all_campaigns":false,"_monsterinsights_skip_tracking":false,"_monsterinsights_sitenote_active":false,"_monsterinsights_sitenote_note":"","_monsterinsights_sitenote_category":0,"_uf_show_specific_survey":0,"_uf_disable_surveys":false},"product_cat":[26,44,62],"product_tag":[],"aioseo_notices":[],"jetpack_sharing_enabled":true,"_links":{"self":[{"href":"https:\/\/casadolivreiro.pt\/index.php\/wp-json\/wp\/v2\/product\/308"}],"collection":[{"href":"https:\/\/casadolivreiro.pt\/index.php\/wp-json\/wp\/v2\/product"}],"about":[{"href":"https:\/\/casadolivreiro.pt\/index.php\/wp-json\/wp\/v2\/types\/product"}],"replies":[{"embeddable":true,"href":"https:\/\/casadolivreiro.pt\/index.php\/wp-json\/wp\/v2\/comments?post=308"}],"wp:featuredmedia":[{"embeddable":true,"href":"https:\/\/casadolivreiro.pt\/index.php\/wp-json\/wp\/v2\/media\/309"}],"wp:attachment":[{"href":"https:\/\/casadolivreiro.pt\/index.php\/wp-json\/wp\/v2\/media?parent=308"}],"wp:term":[{"taxonomy":"product_cat","embeddable":true,"href":"https:\/\/casadolivreiro.pt\/index.php\/wp-json\/wp\/v2\/product_cat?post=308"},{"taxonomy":"product_tag","embeddable":true,"href":"https:\/\/casadolivreiro.pt\/index.php\/wp-json\/wp\/v2\/product_tag?post=308"}],"curies":[{"name":"wp","href":"https:\/\/api.w.org\/{rel}","templated":true}]}}