{"id":3065,"date":"2025-03-13T17:15:15","date_gmt":"2025-03-13T17:15:15","guid":{"rendered":"https:\/\/casadolivreiro.pt\/?post_type=product&#038;p=3065"},"modified":"2025-03-13T17:15:15","modified_gmt":"2025-03-13T17:15:15","slug":"os-descobrimentos-portugueses-volume-5-jaime-cortesao","status":"publish","type":"product","link":"https:\/\/casadolivreiro.pt\/index.php\/product\/os-descobrimentos-portugueses-volume-5-jaime-cortesao\/","title":{"rendered":"OS DESCOBRIMENTOS PORTUGUESES, Volume 5 \u2013 Jaime Cortes\u00e3o"},"content":{"rendered":"<p>OS DESCOBRIMENTOS PORTUGUESES, Volume 5 \u2013 Jaime Cortes\u00e3o<\/p>\n<p>Ano de edi\u00e7\u00e3o: 2016<\/p>\n<p>Editor: Expresso<\/p>\n<p>Idioma: Portugu\u00eas<\/p>\n<p>Dimens\u00f5es: 13.5 x 1 x 19cm<\/p>\n<p>Encaderna\u00e7\u00e3o: Capa mole<\/p>\n<p>P\u00e1ginas: 127<\/p>\n","protected":false},"excerpt":{"rendered":"<p>OS DESCOBRIMENTOS PORTUGUESES, Volume 5 \u2013 Jaime Cortes\u00e3o Ano de edi\u00e7\u00e3o: 2016 Editor: Expresso Idioma: Portugu\u00eas Dimens\u00f5es: 13.5 x 1 x 19cm Encaderna\u00e7\u00e3o: Capa mole P\u00e1ginas: 127<\/p>\n","protected":false},"featured_media":3066,"comment_status":"open","ping_status":"closed","template":"","meta":{"om_disable_all_campaigns":false,"_monsterinsights_skip_tracking":false,"_monsterinsights_sitenote_active":false,"_monsterinsights_sitenote_note":"","_monsterinsights_sitenote_category":0,"_uf_show_specific_survey":0,"_uf_disable_surveys":false},"product_cat":[47,30],"product_tag":[],"aioseo_notices":[],"jetpack_sharing_enabled":true,"_links":{"self":[{"href":"https:\/\/casadolivreiro.pt\/index.php\/wp-json\/wp\/v2\/product\/3065"}],"collection":[{"href":"https:\/\/casadolivreiro.pt\/index.php\/wp-json\/wp\/v2\/product"}],"about":[{"href":"https:\/\/casadolivreiro.pt\/index.php\/wp-json\/wp\/v2\/types\/product"}],"replies":[{"embeddable":true,"href":"https:\/\/casadolivreiro.pt\/index.php\/wp-json\/wp\/v2\/comments?post=3065"}],"wp:featuredmedia":[{"embeddable":true,"href":"https:\/\/casadolivreiro.pt\/index.php\/wp-json\/wp\/v2\/media\/3066"}],"wp:attachment":[{"href":"https:\/\/casadolivreiro.pt\/index.php\/wp-json\/wp\/v2\/media?parent=3065"}],"wp:term":[{"taxonomy":"product_cat","embeddable":true,"href":"https:\/\/casadolivreiro.pt\/index.php\/wp-json\/wp\/v2\/product_cat?post=3065"},{"taxonomy":"product_tag","embeddable":true,"href":"https:\/\/casadolivreiro.pt\/index.php\/wp-json\/wp\/v2\/product_tag?post=3065"}],"curies":[{"name":"wp","href":"https:\/\/api.w.org\/{rel}","templated":true}]}}