{"id":306,"date":"2024-03-09T14:49:12","date_gmt":"2024-03-09T14:49:12","guid":{"rendered":"https:\/\/casadolivreiro.pt\/?post_type=product&#038;p=306"},"modified":"2024-03-09T14:49:12","modified_gmt":"2024-03-09T14:49:12","slug":"filha-da-fortuna-isabel-allende","status":"publish","type":"product","link":"https:\/\/casadolivreiro.pt\/index.php\/product\/filha-da-fortuna-isabel-allende\/","title":{"rendered":"FILHA DA FORTUNA Isabel Allende"},"content":{"rendered":"<p>FILHA DA FORTUNA<br \/>\nIsabel Allende<br \/>\nTradu\u00e7\u00e3o de Maria Helena Pitta<br \/>\nISBN: 972-29-0457-6<br \/>\nEditor:\u00a0 Difel, Difus\u00e3o Editorial S.A.<br \/>\nData de Lan\u00e7amento: 2000<br \/>\nIdioma:\u00a0 Portugu\u00eas<br \/>\nDimens\u00f5es: 14.8 x 2.3 x 23 cm<br \/>\nEncaderna\u00e7\u00e3o: Capa mole<br \/>\nP\u00e1ginas:\u00a0\u00a0 407<\/p>\n<p>&nbsp;<\/p>\n<p>&nbsp;<\/p>\n<p>&nbsp;<\/p>\n","protected":false},"excerpt":{"rendered":"<p>FILHA DA FORTUNA Isabel Allende Tradu\u00e7\u00e3o de Maria Helena Pitta ISBN: 972-29-0457-6 Editor:\u00a0 Difel, Difus\u00e3o Editorial S.A. Data de Lan\u00e7amento: 2000 Idioma:\u00a0 Portugu\u00eas Dimens\u00f5es: 14.8 x 2.3 x 23 cm Encaderna\u00e7\u00e3o: Capa mole P\u00e1ginas:\u00a0\u00a0 407 &nbsp; &nbsp; &nbsp;<\/p>\n","protected":false},"featured_media":307,"comment_status":"open","ping_status":"closed","template":"","meta":{"om_disable_all_campaigns":false,"_monsterinsights_skip_tracking":false,"_monsterinsights_sitenote_active":false,"_monsterinsights_sitenote_note":"","_monsterinsights_sitenote_category":0,"_uf_show_specific_survey":0,"_uf_disable_surveys":false},"product_cat":[26,62],"product_tag":[],"aioseo_notices":[],"jetpack_sharing_enabled":true,"_links":{"self":[{"href":"https:\/\/casadolivreiro.pt\/index.php\/wp-json\/wp\/v2\/product\/306"}],"collection":[{"href":"https:\/\/casadolivreiro.pt\/index.php\/wp-json\/wp\/v2\/product"}],"about":[{"href":"https:\/\/casadolivreiro.pt\/index.php\/wp-json\/wp\/v2\/types\/product"}],"replies":[{"embeddable":true,"href":"https:\/\/casadolivreiro.pt\/index.php\/wp-json\/wp\/v2\/comments?post=306"}],"wp:featuredmedia":[{"embeddable":true,"href":"https:\/\/casadolivreiro.pt\/index.php\/wp-json\/wp\/v2\/media\/307"}],"wp:attachment":[{"href":"https:\/\/casadolivreiro.pt\/index.php\/wp-json\/wp\/v2\/media?parent=306"}],"wp:term":[{"taxonomy":"product_cat","embeddable":true,"href":"https:\/\/casadolivreiro.pt\/index.php\/wp-json\/wp\/v2\/product_cat?post=306"},{"taxonomy":"product_tag","embeddable":true,"href":"https:\/\/casadolivreiro.pt\/index.php\/wp-json\/wp\/v2\/product_tag?post=306"}],"curies":[{"name":"wp","href":"https:\/\/api.w.org\/{rel}","templated":true}]}}