{"id":3056,"date":"2025-03-13T16:54:23","date_gmt":"2025-03-13T16:54:23","guid":{"rendered":"https:\/\/casadolivreiro.pt\/?post_type=product&#038;p=3056"},"modified":"2025-03-13T16:54:23","modified_gmt":"2025-03-13T16:54:23","slug":"grandes-entrevistas-da-historia-1865-2014-volumes-1-7","status":"publish","type":"product","link":"https:\/\/casadolivreiro.pt\/index.php\/product\/grandes-entrevistas-da-historia-1865-2014-volumes-1-7\/","title":{"rendered":"GRANDES ENTREVISTAS DA HIST\u00d3RIA 1865 \u2013 2014, Volumes 1 \u2013 7"},"content":{"rendered":"<p>GRANDES ENTREVISTAS DA HIST\u00d3RIA 1865 \u2013 2014, Volumes 1 \u2013 7<\/p>\n<p>Editor: Simon Gomez (Edi\u00e7\u00e3o em Portugu\u00eas \u2013 Ana Marques)<\/p>\n<p>Tradu\u00e7\u00e3o: Tetraepik, Lda.<\/p>\n<p>Ano de edi\u00e7\u00e3o: 2014<\/p>\n<p>Editor: Expresso, Lisboa<\/p>\n<p>Idioma: Portugu\u00eas<\/p>\n<p>Dimens\u00f5es: 13.5 x 0.5 x 19cm<\/p>\n<p>Encaderna\u00e7\u00e3o: Capa mole<\/p>\n<p>P\u00e1ginas: 114 + 132 +119+136+148+128+125<\/p>\n","protected":false},"excerpt":{"rendered":"<p>GRANDES ENTREVISTAS DA HIST\u00d3RIA 1865 \u2013 2014, Volumes 1 \u2013 7 Editor: Simon Gomez (Edi\u00e7\u00e3o em Portugu\u00eas \u2013 Ana Marques) Tradu\u00e7\u00e3o: Tetraepik, Lda. Ano de edi\u00e7\u00e3o: 2014 Editor: Expresso, Lisboa Idioma: Portugu\u00eas Dimens\u00f5es: 13.5 x 0.5 x 19cm Encaderna\u00e7\u00e3o: Capa mole P\u00e1ginas: 114 + 132 +119+136+148+128+125<\/p>\n","protected":false},"featured_media":3057,"comment_status":"open","ping_status":"closed","template":"","meta":{"om_disable_all_campaigns":false,"_monsterinsights_skip_tracking":false,"_monsterinsights_sitenote_active":false,"_monsterinsights_sitenote_note":"","_monsterinsights_sitenote_category":0,"_uf_show_specific_survey":0,"_uf_disable_surveys":false},"product_cat":[47,30],"product_tag":[],"aioseo_notices":[],"jetpack_sharing_enabled":true,"_links":{"self":[{"href":"https:\/\/casadolivreiro.pt\/index.php\/wp-json\/wp\/v2\/product\/3056"}],"collection":[{"href":"https:\/\/casadolivreiro.pt\/index.php\/wp-json\/wp\/v2\/product"}],"about":[{"href":"https:\/\/casadolivreiro.pt\/index.php\/wp-json\/wp\/v2\/types\/product"}],"replies":[{"embeddable":true,"href":"https:\/\/casadolivreiro.pt\/index.php\/wp-json\/wp\/v2\/comments?post=3056"}],"wp:featuredmedia":[{"embeddable":true,"href":"https:\/\/casadolivreiro.pt\/index.php\/wp-json\/wp\/v2\/media\/3057"}],"wp:attachment":[{"href":"https:\/\/casadolivreiro.pt\/index.php\/wp-json\/wp\/v2\/media?parent=3056"}],"wp:term":[{"taxonomy":"product_cat","embeddable":true,"href":"https:\/\/casadolivreiro.pt\/index.php\/wp-json\/wp\/v2\/product_cat?post=3056"},{"taxonomy":"product_tag","embeddable":true,"href":"https:\/\/casadolivreiro.pt\/index.php\/wp-json\/wp\/v2\/product_tag?post=3056"}],"curies":[{"name":"wp","href":"https:\/\/api.w.org\/{rel}","templated":true}]}}