{"id":303,"date":"2024-03-09T14:41:45","date_gmt":"2024-03-09T14:41:45","guid":{"rendered":"https:\/\/casadolivreiro.pt\/?post_type=product&#038;p=303"},"modified":"2024-03-09T14:42:39","modified_gmt":"2024-03-09T14:42:39","slug":"a-familia-forsyte-vol-i-o-proprietario-john-galsworthy","status":"publish","type":"product","link":"https:\/\/casadolivreiro.pt\/index.php\/product\/a-familia-forsyte-vol-i-o-proprietario-john-galsworthy\/","title":{"rendered":"A FAM\u00cdLIA FORSYTE, Vol I &#8211; O Propriet\u00e1rio &#8211; John Galsworthy"},"content":{"rendered":"<p>A FAM\u00cdLIA FORSYTE, Vol I &#8211; O Propriet\u00e1rio<br \/>\nJohn Galsworthy<br \/>\nTradu\u00e7\u00e3o de Rachel de Queiroz<br \/>\nEditor:\u00a0 Edi\u00e7\u00e3o Livros do Brasil, Lisboa\u00a0 (Colec\u00e7\u00e3o dois mundos, No. 108)<br \/>\nData de Lan\u00e7amento:\u00a0 1971<br \/>\nIdioma:\u00a0 Portugu\u00eas<br \/>\nDimens\u00f5es: 15.5 x 2.5 x 21,5 cm<br \/>\nEncaderna\u00e7\u00e3o: Capa mole<br \/>\nP\u00e1ginas:\u00a0\u00a0 414<br \/>\nA obra retrata a saga de uma fam\u00edlia de classe m\u00e9dia-alta inglesa ao longo de tr\u00eas per\u00edodos distintos, sendo carregada de suspense, drama e paix\u00e3o.<br \/>\nO autor foi agraciado com o Pr\u00e9mio Nobel da Literatura em 1932.<\/p>\n","protected":false},"excerpt":{"rendered":"<p>A FAM\u00cdLIA FORSYTE, Vol I &#8211; O Propriet\u00e1rio John Galsworthy Tradu\u00e7\u00e3o de Rachel de Queiroz Editor:\u00a0 Edi\u00e7\u00e3o Livros do Brasil, Lisboa\u00a0 (Colec\u00e7\u00e3o dois mundos, No. 108) Data de Lan\u00e7amento:\u00a0 1971 Idioma:\u00a0 Portugu\u00eas Dimens\u00f5es: 15.5 x 2.5 x 21,5 cm Encaderna\u00e7\u00e3o: Capa mole P\u00e1ginas:\u00a0\u00a0 414 A obra retrata a saga de uma fam\u00edlia de classe m\u00e9dia-alta [&hellip;]<\/p>\n","protected":false},"featured_media":304,"comment_status":"open","ping_status":"closed","template":"","meta":{"om_disable_all_campaigns":false,"_monsterinsights_skip_tracking":false,"_monsterinsights_sitenote_active":false,"_monsterinsights_sitenote_note":"","_monsterinsights_sitenote_category":0,"_uf_show_specific_survey":0,"_uf_disable_surveys":false},"product_cat":[26,62],"product_tag":[],"aioseo_notices":[],"jetpack_sharing_enabled":true,"_links":{"self":[{"href":"https:\/\/casadolivreiro.pt\/index.php\/wp-json\/wp\/v2\/product\/303"}],"collection":[{"href":"https:\/\/casadolivreiro.pt\/index.php\/wp-json\/wp\/v2\/product"}],"about":[{"href":"https:\/\/casadolivreiro.pt\/index.php\/wp-json\/wp\/v2\/types\/product"}],"replies":[{"embeddable":true,"href":"https:\/\/casadolivreiro.pt\/index.php\/wp-json\/wp\/v2\/comments?post=303"}],"wp:featuredmedia":[{"embeddable":true,"href":"https:\/\/casadolivreiro.pt\/index.php\/wp-json\/wp\/v2\/media\/304"}],"wp:attachment":[{"href":"https:\/\/casadolivreiro.pt\/index.php\/wp-json\/wp\/v2\/media?parent=303"}],"wp:term":[{"taxonomy":"product_cat","embeddable":true,"href":"https:\/\/casadolivreiro.pt\/index.php\/wp-json\/wp\/v2\/product_cat?post=303"},{"taxonomy":"product_tag","embeddable":true,"href":"https:\/\/casadolivreiro.pt\/index.php\/wp-json\/wp\/v2\/product_tag?post=303"}],"curies":[{"name":"wp","href":"https:\/\/api.w.org\/{rel}","templated":true}]}}